{"id":9685,"date":"2022-03-24T12:39:36","date_gmt":"2022-03-24T12:39:36","guid":{"rendered":"https:\/\/www.iccspain.org\/?post_type=product&#038;p=9685"},"modified":"2025-04-14T10:20:38","modified_gmt":"2025-04-14T10:20:38","slug":"guia-consolidada-de-icc-sobre-el-uso-de-clausulas-de-sancion-en-instrumentos-relacionados-con-el-trade-finance-y-sujetos-a-reglas-de-icc-documento-gratuito","status":"publish","type":"product","link":"https:\/\/www.iccspain.org\/en\/producto\/guia-consolidada-de-icc-sobre-el-uso-de-clausulas-de-sancion-en-instrumentos-relacionados-con-el-trade-finance-y-sujetos-a-reglas-de-icc-documento-gratuito\/","title":{"rendered":"Gu\u00eda consolidada de ICC sobre el uso de cl\u00e1usulas de sanci\u00f3n en instrumentos relacionados con el trade finance y sujetos a reglas de ICC &#8211; Publicaci\u00f3n gratuita"},"content":{"rendered":"<p><strong>Documento de orientaci\u00f3n: Uso de cl\u00e1usulas de sanci\u00f3n en instrumentos relacionados con el <em>trade finance<\/em> y sujetos a reglas de ICC, como los cr\u00e9ditos documentarios y los cr\u00e9ditos contingentes, las cobranzas documentarias y las garant\u00edas a primer requerimiento<\/strong><\/p>\n<p>Publicado por la Comisi\u00f3n Bancaria Global de ICC \u2014 2014<\/p>\n<p><a href=\"https:\/\/www.iccspain.org\/wp-content\/uploads\/2022\/03\/2022_Guia-consolidada-ICC-Uso-de-Clausulas-de-Sancion-en-intrumentos-relacionados-con-Trade-Finance-y-sujetos-a-reglas-de-ICC.pdf\">2022_Guia consolidada ICC Uso de Clausulas de Sancion en intrumentos relacionados con Trade Finance y sujetos a reglas de ICC<\/a><\/p>\n<p>&nbsp;<\/p>\n","protected":false},"excerpt":{"rendered":"<p>Gu\u00eda consolidada de ICC sobre el uso de cl\u00e1usulas de sanci\u00f3n en instrumentos relacionados con el trade finance y sujetos a reglas de ICC &#8211; Publicaci\u00f3n gratuita<\/p>\n","protected":false},"featured_media":32895,"template":"","meta":{"_editorskit_title_hidden":false,"_editorskit_reading_time":0,"_editorskit_is_block_options_detached":false,"_editorskit_block_options_position":"{}","inline_featured_image":false},"product_brand":[],"product_cat":[135],"product_tag":[],"class_list":{"0":"post-9685","1":"product","2":"type-product","3":"status-publish","4":"has-post-thumbnail","6":"product_cat-publicacion-gratuita","7":"post","8":"with-featured-image","10":"first","11":"instock","12":"virtual","13":"product-type-simple"},"_links":{"self":[{"href":"https:\/\/www.iccspain.org\/en\/wp-json\/wp\/v2\/product\/9685","targetHints":{"allow":["GET"]}}],"collection":[{"href":"https:\/\/www.iccspain.org\/en\/wp-json\/wp\/v2\/product"}],"about":[{"href":"https:\/\/www.iccspain.org\/en\/wp-json\/wp\/v2\/types\/product"}],"wp:featuredmedia":[{"embeddable":true,"href":"https:\/\/www.iccspain.org\/en\/wp-json\/wp\/v2\/media\/32895"}],"wp:attachment":[{"href":"https:\/\/www.iccspain.org\/en\/wp-json\/wp\/v2\/media?parent=9685"}],"wp:term":[{"taxonomy":"product_brand","embeddable":true,"href":"https:\/\/www.iccspain.org\/en\/wp-json\/wp\/v2\/product_brand?post=9685"},{"taxonomy":"product_cat","embeddable":true,"href":"https:\/\/www.iccspain.org\/en\/wp-json\/wp\/v2\/product_cat?post=9685"},{"taxonomy":"product_tag","embeddable":true,"href":"https:\/\/www.iccspain.org\/en\/wp-json\/wp\/v2\/product_tag?post=9685"}],"curies":[{"name":"wp","href":"https:\/\/api.w.org\/{rel}","templated":true}]}}