{"id":9528,"date":"2022-01-20T12:52:53","date_gmt":"2022-01-20T12:52:53","guid":{"rendered":"https:\/\/www.iccspain.org\/?post_type=product&#038;p=9528"},"modified":"2025-01-30T12:25:28","modified_gmt":"2025-01-30T12:25:28","slug":"garantias-independientes-a-primer-requerimiento-de-james-otis-rodner-s","status":"publish","type":"product","link":"https:\/\/www.iccspain.org\/en\/producto\/garantias-independientes-a-primer-requerimiento-de-james-otis-rodner-s\/","title":{"rendered":"Garant\u00edas Independientes a Primer Requerimiento. James-Otis Rodner S."},"content":{"rendered":"<p>Las garant\u00edas a primer requerimiento junto con las cartas de cr\u00e9dito contingentes est\u00e1n entre los instrumentos m\u00e1s utilizados en el mundo de los negocios internacionales. Sin embargo, salvo pocas excepciones, no se encuentran regulados en el derecho positivo interno.<\/p>\n<p>Esta primera edici\u00f3n est\u00e1 dividida en diez cap\u00edtulos que recogen la estructura de las garant\u00edas y su naturaleza jur\u00eddica, as\u00ed como el rechazo de los requerimientos, los tipos de garant\u00edas y sus transferencias. Adem\u00e1s tambi\u00e9n contiene el derecho aplicable y la jurisdicci\u00f3n en cada caso.<\/p>\n","protected":false},"excerpt":{"rendered":"<p>Las garant\u00edas a primer requerimiento junto con las cartas de cr\u00e9dito contingentes est\u00e1n entre los instrumentos m\u00e1s utilizados en el mundo de los negocios internacionales. Sin embargo, salvo pocas excepciones, no se encuentran regulados en el derecho positivo interno.<\/p>\n<p>Esta primera edici\u00f3n est\u00e1 dividida en diez cap\u00edtulos que recogen la estructura de las garant\u00edas y su naturaleza jur\u00eddica, as\u00ed como el rechazo de los requerimientos, los tipos de garant\u00edas y sus transferencias. Adem\u00e1s tambi\u00e9n contiene el derecho aplicable y la jurisdicci\u00f3n en cada caso.<\/p>\n","protected":false},"featured_media":32352,"template":"","meta":{"_editorskit_title_hidden":false,"_editorskit_reading_time":0,"_editorskit_is_block_options_detached":false,"_editorskit_block_options_position":"{}","inline_featured_image":false},"product_brand":[],"product_cat":[34],"product_tag":[],"class_list":{"0":"post-9528","1":"product","2":"type-product","3":"status-publish","4":"has-post-thumbnail","6":"product_cat-banca","7":"post","8":"with-featured-image","10":"first","11":"instock","12":"shipping-taxable","13":"purchasable","14":"product-type-simple"},"_links":{"self":[{"href":"https:\/\/www.iccspain.org\/en\/wp-json\/wp\/v2\/product\/9528","targetHints":{"allow":["GET"]}}],"collection":[{"href":"https:\/\/www.iccspain.org\/en\/wp-json\/wp\/v2\/product"}],"about":[{"href":"https:\/\/www.iccspain.org\/en\/wp-json\/wp\/v2\/types\/product"}],"wp:featuredmedia":[{"embeddable":true,"href":"https:\/\/www.iccspain.org\/en\/wp-json\/wp\/v2\/media\/32352"}],"wp:attachment":[{"href":"https:\/\/www.iccspain.org\/en\/wp-json\/wp\/v2\/media?parent=9528"}],"wp:term":[{"taxonomy":"product_brand","embeddable":true,"href":"https:\/\/www.iccspain.org\/en\/wp-json\/wp\/v2\/product_brand?post=9528"},{"taxonomy":"product_cat","embeddable":true,"href":"https:\/\/www.iccspain.org\/en\/wp-json\/wp\/v2\/product_cat?post=9528"},{"taxonomy":"product_tag","embeddable":true,"href":"https:\/\/www.iccspain.org\/en\/wp-json\/wp\/v2\/product_tag?post=9528"}],"curies":[{"name":"wp","href":"https:\/\/api.w.org\/{rel}","templated":true}]}}