{"id":9424,"date":"2021-12-20T11:55:56","date_gmt":"2021-12-20T11:55:56","guid":{"rendered":"https:\/\/www.iccspain.org\/?post_type=product&#038;p=9424"},"modified":"2025-04-14T10:20:59","modified_gmt":"2025-04-14T10:20:59","slug":"clausula-de-fuerza-mayor-de-la-icc-2020-publicacion-gratuita","status":"publish","type":"product","link":"https:\/\/www.iccspain.org\/en\/producto\/clausula-de-fuerza-mayor-de-la-icc-2020-publicacion-gratuita\/","title":{"rendered":"Cl\u00e1usula de fuerza mayor de la ICC (2020) Publicaci\u00f3n gratuita"},"content":{"rendered":"<p>El concepto de fuerza mayor es conocido por la mayor\u00eda de los sistemas legales, pero los principios desarrollados en las leyes nacionales pueden suponer diferencias sustanciales. Para superar este problema, las partes contractuales suelen acordar soluciones aut\u00f3nomas, mediante la inclusi\u00f3n de cl\u00e1usulas de fuerza mayor en sus contratos que contienen soluciones que no dependan de las particularidades de las leyes nacionales. Para ayudar a las partes a redactar y negociar tales cl\u00e1usulas, la ICC ha creado dos cl\u00e1usulas de fuerza mayor equilibradas, la &#8220;Forma Extensa&#8221; y la &#8220;Forma Abreviada&#8221;.<\/p>\n<p><a href=\"https:\/\/www.iccspain.org\/wp-content\/uploads\/2021\/12\/ICC-CLAUSULAS-FUERZA-MAYOR-HARDSHIP_Marzo-2020.pdf\">ICC CLAUSULAS FUERZA MAYOR + HARDSHIP_Marzo 2020<\/a><\/p>\n","protected":false},"excerpt":{"rendered":"<p>El concepto de fuerza mayor es conocido por la mayor\u00eda de los sistemas legales, pero los principios desarrollados en las leyes nacionales pueden suponer diferencias sustanciales. Para superar este problema, las partes contractuales suelen acordar soluciones aut\u00f3nomas, mediante la inclusi\u00f3n de cl\u00e1usulas de fuerza mayor en sus contratos que contienen soluciones que no dependan de las particularidades de las leyes nacionales. Para ayudar a las partes a redactar y negociar tales cl\u00e1usulas, la ICC ha creado dos cl\u00e1usulas de fuerza mayor equilibradas, la &#8220;Forma Extensa&#8221; y la &#8220;Forma Abreviada&#8221;.<\/p>\n","protected":false},"featured_media":0,"template":"","meta":{"_editorskit_title_hidden":false,"_editorskit_reading_time":0,"_editorskit_is_block_options_detached":false,"_editorskit_block_options_position":"{}","inline_featured_image":false},"product_brand":[],"product_cat":[135],"product_tag":[],"class_list":{"0":"post-9424","1":"product","2":"type-product","3":"status-publish","5":"product_cat-publicacion-gratuita","6":"post","7":"without-featured-image","9":"first","10":"instock","11":"virtual","12":"product-type-simple"},"_links":{"self":[{"href":"https:\/\/www.iccspain.org\/en\/wp-json\/wp\/v2\/product\/9424","targetHints":{"allow":["GET"]}}],"collection":[{"href":"https:\/\/www.iccspain.org\/en\/wp-json\/wp\/v2\/product"}],"about":[{"href":"https:\/\/www.iccspain.org\/en\/wp-json\/wp\/v2\/types\/product"}],"wp:attachment":[{"href":"https:\/\/www.iccspain.org\/en\/wp-json\/wp\/v2\/media?parent=9424"}],"wp:term":[{"taxonomy":"product_brand","embeddable":true,"href":"https:\/\/www.iccspain.org\/en\/wp-json\/wp\/v2\/product_brand?post=9424"},{"taxonomy":"product_cat","embeddable":true,"href":"https:\/\/www.iccspain.org\/en\/wp-json\/wp\/v2\/product_cat?post=9424"},{"taxonomy":"product_tag","embeddable":true,"href":"https:\/\/www.iccspain.org\/en\/wp-json\/wp\/v2\/product_tag?post=9424"}],"curies":[{"name":"wp","href":"https:\/\/api.w.org\/{rel}","templated":true}]}}