{"id":9406,"date":"2021-12-13T09:38:01","date_gmt":"2021-12-13T09:38:01","guid":{"rendered":"https:\/\/www.iccspain.org\/?post_type=product&#038;p=9406"},"modified":"2025-04-14T10:21:06","modified_gmt":"2025-04-14T10:21:06","slug":"icc-reglas-uniformes-para-las-operaciones-comerciales-digitales-pub102es","status":"publish","type":"product","link":"https:\/\/www.iccspain.org\/en\/producto\/icc-reglas-uniformes-para-las-operaciones-comerciales-digitales-pub102es\/","title":{"rendered":"ICC Reglas uniformes de ICC para las operaciones comerciales digitales (URDTT) Publicaci\u00f3n gratuita"},"content":{"rendered":"<p>El enfoque adoptado para redactar las URDTT ha sido el de elaborar reglas que sean neutrales en cuanto al medio empleado para llevar a cabo, en forma de operaci\u00f3n comercial digital, una operaci\u00f3n comercial subyacente, que se realizar\u00e1 utilizando registros electr\u00f3nicos y no documentos en papel. La estructura de las normas es la de una operaci\u00f3n f\u00edsica subyacente \u2013ya sea la compraventa de bienes o la prestaci\u00f3n de servicios\u2013 que las partes principales han acordado evidenciar electr\u00f3nicamente, incluyendo un m\u00e9todo de pago que en s\u00ed mismo es electr\u00f3nico.<\/p>\n<p>Las <em>Reglas uniformes de ICC para las operaciones comerciales digitales<\/em> (URDTT) est\u00e1n destinadas: a) aplicarse en entornos totalmente digitales; b) ser neutrales en cuanto a normas tecnol\u00f3gicas y de mensajer\u00eda; y c) hacer su uso extensivo al espacio corporativo, incluyendo las operaciones comerciales y la creciente comunidad de proveedores no bancarios de servicios financieros.<\/p>\n<p>Las URDTT est\u00e1n concebidas para ser compatibles con las leyes modelo de la CNUDMI, incluyendo las relativas al comercio electr\u00f3nico, a las firmas electr\u00f3nicas y a los registros electr\u00f3nicos transferibles.<\/p>\n<p>Las URDTT no son s\u00f3lo un conjunto de reglas para la banca; alcanzan tambi\u00e9n al mundo empresarial y a la creciente comunidad de proveedores de servicios no bancarios. El objeto de las URDTT es regir en un escenario digital, teniendo en cuenta la innovaci\u00f3n m\u00e1s reciente no solo en la tecnolog\u00eda de registros distribuidos, sino tambi\u00e9n en el uso de inteligencia artificial, el procesamiento del lenguaje natural, el aprendizaje autom\u00e1tico, el an\u00e1lisis de datos, los contratos inteligentes, los objetos inteligentes y el Internet de las cosas. Todos estos elementos tendr\u00e1n un impacto considerable en la forma de hacer negocios en el futuro.<\/p>\n<p><a href=\"https:\/\/2go.iccwbo.org\/reglas-uniformes-para-las-operaciones-comerciales-digitales-version-1-0.html\" target=\"_blank\" rel=\"noopener\">https:\/\/2go.iccwbo.org\/reglas-uniformes-para-las-operaciones-comerciales-digitales-version-1-0.html<\/a><\/p>\n","protected":false},"excerpt":{"rendered":"<p>El enfoque adoptado para redactar las URDTT ha sido el de elaborar reglas que sean neutrales en cuanto al medio empleado para llevar a cabo, en forma de operaci\u00f3n comercial digital, una operaci\u00f3n comercial subyacente, que se realizar\u00e1 utilizando registros electr\u00f3nicos y no documentos en papel. La estructura de las normas es la de una operaci\u00f3n f\u00edsica subyacente \u2013ya sea la compraventa de bienes o la prestaci\u00f3n de servicios\u2013 que las partes principales han acordado evidenciar electr\u00f3nicamente, incluyendo un m\u00e9todo de pago que en s\u00ed mismo es electr\u00f3nico.<\/p>\n","protected":false},"featured_media":32898,"template":"","meta":{"_editorskit_title_hidden":false,"_editorskit_reading_time":0,"_editorskit_is_block_options_detached":false,"_editorskit_block_options_position":"{}","inline_featured_image":false},"product_brand":[],"product_cat":[135],"product_tag":[],"class_list":{"0":"post-9406","1":"product","2":"type-product","3":"status-publish","4":"has-post-thumbnail","6":"product_cat-publicacion-gratuita","7":"post","8":"with-featured-image","10":"first","11":"instock","12":"virtual","13":"product-type-simple"},"_links":{"self":[{"href":"https:\/\/www.iccspain.org\/en\/wp-json\/wp\/v2\/product\/9406","targetHints":{"allow":["GET"]}}],"collection":[{"href":"https:\/\/www.iccspain.org\/en\/wp-json\/wp\/v2\/product"}],"about":[{"href":"https:\/\/www.iccspain.org\/en\/wp-json\/wp\/v2\/types\/product"}],"wp:featuredmedia":[{"embeddable":true,"href":"https:\/\/www.iccspain.org\/en\/wp-json\/wp\/v2\/media\/32898"}],"wp:attachment":[{"href":"https:\/\/www.iccspain.org\/en\/wp-json\/wp\/v2\/media?parent=9406"}],"wp:term":[{"taxonomy":"product_brand","embeddable":true,"href":"https:\/\/www.iccspain.org\/en\/wp-json\/wp\/v2\/product_brand?post=9406"},{"taxonomy":"product_cat","embeddable":true,"href":"https:\/\/www.iccspain.org\/en\/wp-json\/wp\/v2\/product_cat?post=9406"},{"taxonomy":"product_tag","embeddable":true,"href":"https:\/\/www.iccspain.org\/en\/wp-json\/wp\/v2\/product_tag?post=9406"}],"curies":[{"name":"wp","href":"https:\/\/api.w.org\/{rel}","templated":true}]}}