{"id":9200,"date":"2021-11-16T12:09:45","date_gmt":"2021-11-16T12:09:45","guid":{"rendered":"https:\/\/www.iccspain.org\/?post_type=product&#038;p=9200"},"modified":"2025-04-14T10:21:14","modified_gmt":"2025-04-14T10:21:14","slug":"modelo-icc-de-condiciones-generales-de-compraventa-online-b2c-publicacion-gratuita","status":"publish","type":"product","link":"https:\/\/www.iccspain.org\/en\/producto\/modelo-icc-de-condiciones-generales-de-compraventa-online-b2c-publicacion-gratuita\/","title":{"rendered":"Modelo ICC de condiciones generales de compraventa online B2C (en espa\u00f1ol) Publicaci\u00f3n gratuita"},"content":{"rendered":"<p>Las operaciones de comercio internacional est\u00e1n avanzando marcadamente hacia la virtualidad,\u00a0y un n\u00famero creciente de comerciantes venden sus productos en l\u00ednea, directamente a los\u00a0consumidores. Esto deja a muchas empresas, en particular Micro, Peque\u00f1as y Medianas Empresas\u00a0(MiPyMEs), ante la necesidad de orientaci\u00f3n sobre c\u00f3mo redactar condiciones de venta online\u00a0que les permita llegar a clientes de todo el mundo.<\/p>\n<p>Siguiendo su tradici\u00f3n de proporcionar herramientas pr\u00e1cticas y concretas para ayudar a empresas globales de todos los tama\u00f1os, ICC ha elaborado (i) un conjunto de condiciones\u00a0generales modelo de compraventa online B2C, para ser adaptadas por los usuarios a sus\u00a0mercados y productos de destino particulares, y (ii) un documento de orientaci\u00f3n.<\/p>\n<p><a href=\"https:\/\/2go.iccwbo.org\/downloadable\/download\/pdf\/product_id\/954\/\" target=\"_blank\" rel=\"noopener\">https:\/\/2go.iccwbo.org\/downloadable\/download\/pdf\/product_id\/954\/<\/a><\/p>\n<p><a href=\"https:\/\/www.iccspain.org\/wp-content\/uploads\/2021\/11\/b2c_online_sale_conditions_SPA_17_.pdf\">b2c_online_sale_conditions_SPA_17_<\/a><\/p>\n","protected":false},"excerpt":{"rendered":"<p>Las operaciones de comercio internacional est\u00e1n avanzando marcadamente hacia la virtualidad,\u00a0y un n\u00famero creciente de comerciantes venden sus productos en l\u00ednea, directamente a los\u00a0consumidores. Esto deja a muchas empresas, en particular Micro, Peque\u00f1as y Medianas Empresas\u00a0(MiPyMEs), ante la necesidad de orientaci\u00f3n sobre c\u00f3mo redactar condiciones de venta online\u00a0que les permita llegar a clientes de todo el mundo.<\/p>\n","protected":false},"featured_media":32355,"template":"","meta":{"_editorskit_title_hidden":false,"_editorskit_reading_time":0,"_editorskit_is_block_options_detached":false,"_editorskit_block_options_position":"{}","inline_featured_image":false},"product_brand":[],"product_cat":[135],"product_tag":[],"class_list":{"0":"post-9200","1":"product","2":"type-product","3":"status-publish","4":"has-post-thumbnail","6":"product_cat-publicacion-gratuita","7":"post","8":"with-featured-image","10":"first","11":"instock","12":"virtual","13":"product-type-simple"},"_links":{"self":[{"href":"https:\/\/www.iccspain.org\/en\/wp-json\/wp\/v2\/product\/9200","targetHints":{"allow":["GET"]}}],"collection":[{"href":"https:\/\/www.iccspain.org\/en\/wp-json\/wp\/v2\/product"}],"about":[{"href":"https:\/\/www.iccspain.org\/en\/wp-json\/wp\/v2\/types\/product"}],"wp:featuredmedia":[{"embeddable":true,"href":"https:\/\/www.iccspain.org\/en\/wp-json\/wp\/v2\/media\/32355"}],"wp:attachment":[{"href":"https:\/\/www.iccspain.org\/en\/wp-json\/wp\/v2\/media?parent=9200"}],"wp:term":[{"taxonomy":"product_brand","embeddable":true,"href":"https:\/\/www.iccspain.org\/en\/wp-json\/wp\/v2\/product_brand?post=9200"},{"taxonomy":"product_cat","embeddable":true,"href":"https:\/\/www.iccspain.org\/en\/wp-json\/wp\/v2\/product_cat?post=9200"},{"taxonomy":"product_tag","embeddable":true,"href":"https:\/\/www.iccspain.org\/en\/wp-json\/wp\/v2\/product_tag?post=9200"}],"curies":[{"name":"wp","href":"https:\/\/api.w.org\/{rel}","templated":true}]}}