{"id":9196,"date":"2021-11-16T12:03:54","date_gmt":"2021-11-16T12:03:54","guid":{"rendered":"https:\/\/www.iccspain.org\/?post_type=product&#038;p=9196"},"modified":"2025-04-14T10:21:23","modified_gmt":"2025-04-14T10:21:23","slug":"guia-de-uso-de-las-eucp-en-espanol-publicacion-gratuita","status":"publish","type":"product","link":"https:\/\/www.iccspain.org\/en\/producto\/guia-de-uso-de-las-eucp-en-espanol-publicacion-gratuita\/","title":{"rendered":"Gu\u00eda de uso de las eUCP (en espa\u00f1ol) Publicaci\u00f3n gratuita"},"content":{"rendered":"<p>Las nuevas reglas electr\u00f3nicas de ICC (la versi\u00f3n 2.0 de las eUCP y la versi\u00f3n 1.0 de las eURC) entraron en vigor el 1 de julio de 2019. La Comisi\u00f3n Bancaria de ICC ha editado dos publicaciones al respecto:<\/p>\n<ul>\n<li>Un an\u00e1lisis, art\u00edculo por art\u00edculo, de la versi\u00f3n 2.0 de las eUCP y la versi\u00f3n 1.0 de las eURC, que orienta a los profesionales sobre las nuevas reglas. La gu\u00eda proporciona una explicaci\u00f3n minuciosa de cada regla, as\u00ed como un resumen de su proceso de preparaci\u00f3n y redacci\u00f3n.<\/li>\n<li>Orientaciones adicionales en cuanto al uso de las reglas electr\u00f3nicas, basadas en los principios subyacentes de las UCP y las URC y la pr\u00e1ctica est\u00e1ndar ya existente en las transacciones de comercio electr\u00f3nico.<\/li>\n<\/ul>\n<p><a href=\"https:\/\/2go.iccwbo.org\/guia-de-uso-de-las-eucp.html\" target=\"_blank\" rel=\"noopener\">https:\/\/2go.iccwbo.org\/guia-de-uso-de-las-eucp.html<\/a><\/p>\n<p>&nbsp;<\/p>\n","protected":false},"excerpt":{"rendered":"<p>Las nuevas reglas electr\u00f3nicas de ICC (la versi\u00f3n 2.0 de las eUCP y la versi\u00f3n 1.0 de las eURC) entraron en vigor el 1 de julio de 2019. La Comisi\u00f3n Bancaria de ICC ha editado dos publicaciones al respecto<\/p>\n","protected":false},"featured_media":32516,"template":"","meta":{"_editorskit_title_hidden":false,"_editorskit_reading_time":0,"_editorskit_is_block_options_detached":false,"_editorskit_block_options_position":"{}","inline_featured_image":false},"product_brand":[],"product_cat":[135],"product_tag":[],"class_list":{"0":"post-9196","1":"product","2":"type-product","3":"status-publish","4":"has-post-thumbnail","6":"product_cat-publicacion-gratuita","7":"post","8":"with-featured-image","10":"first","11":"instock","12":"virtual","13":"product-type-simple"},"_links":{"self":[{"href":"https:\/\/www.iccspain.org\/en\/wp-json\/wp\/v2\/product\/9196","targetHints":{"allow":["GET"]}}],"collection":[{"href":"https:\/\/www.iccspain.org\/en\/wp-json\/wp\/v2\/product"}],"about":[{"href":"https:\/\/www.iccspain.org\/en\/wp-json\/wp\/v2\/types\/product"}],"wp:featuredmedia":[{"embeddable":true,"href":"https:\/\/www.iccspain.org\/en\/wp-json\/wp\/v2\/media\/32516"}],"wp:attachment":[{"href":"https:\/\/www.iccspain.org\/en\/wp-json\/wp\/v2\/media?parent=9196"}],"wp:term":[{"taxonomy":"product_brand","embeddable":true,"href":"https:\/\/www.iccspain.org\/en\/wp-json\/wp\/v2\/product_brand?post=9196"},{"taxonomy":"product_cat","embeddable":true,"href":"https:\/\/www.iccspain.org\/en\/wp-json\/wp\/v2\/product_cat?post=9196"},{"taxonomy":"product_tag","embeddable":true,"href":"https:\/\/www.iccspain.org\/en\/wp-json\/wp\/v2\/product_tag?post=9196"}],"curies":[{"name":"wp","href":"https:\/\/api.w.org\/{rel}","templated":true}]}}