{"id":8526,"date":"2021-05-21T12:04:43","date_gmt":"2021-05-21T12:04:43","guid":{"rendered":"https:\/\/www.iccspain.org\/?post_type=product&#038;p=8526"},"modified":"2025-01-30T12:41:08","modified_gmt":"2025-01-30T12:41:08","slug":"international-standard-demand-guarantee-practice-isdgp-for-urdg-758-pub-814e","status":"publish","type":"product","link":"https:\/\/www.iccspain.org\/en\/producto\/international-standard-demand-guarantee-practice-isdgp-for-urdg-758-pub-814e\/","title":{"rendered":"Pr\u00e1ctica Internacional Estandar para las garant\u00edas a primer requerimiento para las URDG 758 &#8211; ISDGP-  Pub.814ES"},"content":{"rendered":"<p>Las 215 pr\u00e1cticas est\u00e1ndar internacionales de esta publicaci\u00f3n se han recopilado a lo largo de una d\u00e9cada aplicando las URDG. En ellas se recogen las mejores pr\u00e1cticas en materia de garant\u00edas a primer requerimiento: redacci\u00f3n y emisi\u00f3n de garant\u00edas y contragarant\u00edas, presentaciones, ex\u00e1menes y pagos, rechazos y vencimiento, transferencias y cesiones, etc.<\/p>\n<p>La ISDGP es una gu\u00eda para la aplicaci\u00f3n de los principios y el contenido de la URDG 758 en la pr\u00e1ctica diaria de las garant\u00edas a primer requerimiento, independientemente del tipo, internacionales o nacionales, para cualquier sector o industria y con independencia de cu\u00e1ndo o d\u00f3nde se emita la garant\u00eda o la contragarant\u00eda.<\/p>\n<p>En esta primera edici\u00f3n de las ISDGP se combinan las ideas y las mejores pr\u00e1cticas en beneficio de los ordenantes, los beneficiarios, los garantes y los contragarantes. El cumplimiento de las ISDGP puede evitar contratiempos que provoquen consecuencias imprevistas y\/o costosos retrasos en los pagos y litigios.<\/p>\n<p>&nbsp;<\/p>\n<p>&nbsp;<\/p>\n","protected":false},"excerpt":{"rendered":"<p>Las 215 pr\u00e1cticas est\u00e1ndar internacionales de esta publicaci\u00f3n se han recopilado a lo largo de una d\u00e9cada aplicando las URDG. En ellas se recogen las mejores pr\u00e1cticas en materia de garant\u00edas a primer requerimiento: redacci\u00f3n y emisi\u00f3n de garant\u00edas y contragarant\u00edas, presentaciones, ex\u00e1menes y pagos, rechazos y vencimiento, transferencias y cesiones, etc.<\/p>\n","protected":false},"featured_media":32374,"template":"","meta":{"_editorskit_title_hidden":false,"_editorskit_reading_time":0,"_editorskit_is_block_options_detached":false,"_editorskit_block_options_position":"{}","inline_featured_image":false},"product_brand":[],"product_cat":[34,133],"product_tag":[],"class_list":{"0":"post-8526","1":"product","2":"type-product","3":"status-publish","4":"has-post-thumbnail","6":"product_cat-banca","7":"product_cat-publicacion","8":"post","9":"with-featured-image","11":"first","12":"instock","13":"shipping-taxable","14":"purchasable","15":"product-type-simple"},"_links":{"self":[{"href":"https:\/\/www.iccspain.org\/en\/wp-json\/wp\/v2\/product\/8526","targetHints":{"allow":["GET"]}}],"collection":[{"href":"https:\/\/www.iccspain.org\/en\/wp-json\/wp\/v2\/product"}],"about":[{"href":"https:\/\/www.iccspain.org\/en\/wp-json\/wp\/v2\/types\/product"}],"wp:featuredmedia":[{"embeddable":true,"href":"https:\/\/www.iccspain.org\/en\/wp-json\/wp\/v2\/media\/32374"}],"wp:attachment":[{"href":"https:\/\/www.iccspain.org\/en\/wp-json\/wp\/v2\/media?parent=8526"}],"wp:term":[{"taxonomy":"product_brand","embeddable":true,"href":"https:\/\/www.iccspain.org\/en\/wp-json\/wp\/v2\/product_brand?post=8526"},{"taxonomy":"product_cat","embeddable":true,"href":"https:\/\/www.iccspain.org\/en\/wp-json\/wp\/v2\/product_cat?post=8526"},{"taxonomy":"product_tag","embeddable":true,"href":"https:\/\/www.iccspain.org\/en\/wp-json\/wp\/v2\/product_tag?post=8526"}],"curies":[{"name":"wp","href":"https:\/\/api.w.org\/{rel}","templated":true}]}}