{"id":7733,"date":"2020-12-17T11:52:14","date_gmt":"2020-12-17T11:52:14","guid":{"rendered":"https:\/\/www.iccspain.org\/?post_type=product&#038;p=7733"},"modified":"2025-02-03T10:06:17","modified_gmt":"2025-02-03T10:06:17","slug":"modelo-de-la-icc-de-contrato-de-distribucion-2016-pub-776","status":"publish","type":"product","link":"https:\/\/www.iccspain.org\/en\/producto\/modelo-de-la-icc-de-contrato-de-distribucion-2016-pub-776\/","title":{"rendered":"Modelo de la ICC de Contrato de Distribuci\u00f3n (2016) Pub.776ES (disponible s\u00f3lo eBook) Solicitar informaci\u00f3n"},"content":{"rendered":"<p>Precio: 50.00\u20ac (IVA incl.)<\/p>\n<p>El Modelo ICC de contrato de distribuci\u00f3n proporciona un marco contractual uniforme que incorpora las pr\u00e1cticas predominantes en el comercio internacional. La nueva versi\u00f3n revisada tiene en cuenta la evoluci\u00f3n reciente de las leyes que afectan a la distribuci\u00f3n y procura, en su redacci\u00f3n, un justo equilibrio entre los intereses del proveedor y los del distribuidor-importador.<\/p>\n<p><strong>\u00danicamente en ebook<\/strong><\/p>\n<p>La publicaci\u00f3n Modelo ICC de contrato de distribuci\u00f3n (Esp-Ingl\u00e9s) existe \u00fanicamente en eBook y puede adquirirla a trav\u00e9s del siguiente enlace:<a href=\"https:\/\/2go.iccwbo.org\/modelo-icc-de-contrato-de-distribucion.html\" target=\"_blank\" rel=\"noopener\">https:\/\/2go.iccwbo.org\/modelo-icc-de-contrato-de-distribucion.html<\/a>.<\/p>\n<p>Es un enlace de la librer\u00eda virtual de ICC sede internacional desde donde se comercializa esta publicaci\u00f3n.<\/p>\n<p>Existe tambi\u00e9n la publicaci\u00f3n \u00fanicamente en ingl\u00e9s Pub.776E\u00a0 69\u20ac<\/p>\n","protected":false},"excerpt":{"rendered":"<p>El Modelo ICC de contrato de distribuci\u00f3n proporciona un marco contractual uniforme que incorpora las pr\u00e1cticas predominantes en el comercio internacional. La nueva versi\u00f3n revisada tiene en cuenta la evoluci\u00f3n reciente de las leyes que afectan a la distribuci\u00f3n y procura, en su redacci\u00f3n, un justo equilibrio entre los intereses del proveedor y los del distribuidor-importador.<\/p>\n","protected":false},"featured_media":32519,"template":"","meta":{"_editorskit_title_hidden":false,"_editorskit_reading_time":0,"_editorskit_is_block_options_detached":false,"_editorskit_block_options_position":"{}","inline_featured_image":false},"product_brand":[],"product_cat":[133],"product_tag":[],"class_list":{"0":"post-7733","1":"product","2":"type-product","3":"status-publish","4":"has-post-thumbnail","6":"product_cat-publicacion","7":"post","8":"with-featured-image","10":"first","11":"instock","12":"virtual","13":"product-type-simple"},"_links":{"self":[{"href":"https:\/\/www.iccspain.org\/en\/wp-json\/wp\/v2\/product\/7733","targetHints":{"allow":["GET"]}}],"collection":[{"href":"https:\/\/www.iccspain.org\/en\/wp-json\/wp\/v2\/product"}],"about":[{"href":"https:\/\/www.iccspain.org\/en\/wp-json\/wp\/v2\/types\/product"}],"wp:featuredmedia":[{"embeddable":true,"href":"https:\/\/www.iccspain.org\/en\/wp-json\/wp\/v2\/media\/32519"}],"wp:attachment":[{"href":"https:\/\/www.iccspain.org\/en\/wp-json\/wp\/v2\/media?parent=7733"}],"wp:term":[{"taxonomy":"product_brand","embeddable":true,"href":"https:\/\/www.iccspain.org\/en\/wp-json\/wp\/v2\/product_brand?post=7733"},{"taxonomy":"product_cat","embeddable":true,"href":"https:\/\/www.iccspain.org\/en\/wp-json\/wp\/v2\/product_cat?post=7733"},{"taxonomy":"product_tag","embeddable":true,"href":"https:\/\/www.iccspain.org\/en\/wp-json\/wp\/v2\/product_tag?post=7733"}],"curies":[{"name":"wp","href":"https:\/\/api.w.org\/{rel}","templated":true}]}}