{"id":7430,"date":"2020-10-22T10:08:46","date_gmt":"2020-10-22T10:08:46","guid":{"rendered":"https:\/\/www.iccspain.org\/?post_type=product&#038;p=7430"},"modified":"2025-01-31T12:13:43","modified_gmt":"2025-01-31T12:13:43","slug":"7430","status":"publish","type":"product","link":"https:\/\/www.iccspain.org\/en\/producto\/7430\/","title":{"rendered":"Modelo ICC de Contrato de Compraventa Internacional (Rev 2020) Pub.811ES"},"content":{"rendered":"<p>Precio:\u00a075,00\u20ac (IVA incl.)<\/p>\n<p>De forma clara y concisa, este modelo de contrato explica, paso a paso, tanto a los vendedores como a los compradores, todas las etapas del contrato, desde las caracter\u00edsticas generales, su \u00e1mbito de aplicaci\u00f3n hasta la conclusi\u00f3n del mismo y la resoluci\u00f3n de desavenencias. Concisa y pr\u00e1ctica, esta \u00faltima publicaci\u00f3n revisada con los Incoterms 2020, se a\u00f1ade a la exitosa serie de modelos de contratos de la ICC que representa una valiosa herramienta para las empresas que operan en el comercio internacional y sus abogados.<\/p>\n<p>Tambi\u00e9n en eBook (ingl\u00e9s-espa\u00f1ol)<\/p>\n<p>Tambi\u00e9n publicaci\u00f3n \u00fanicamente en ingl\u00e9s 811E\u00a0\u00a0 75\u20ac<\/p>\n","protected":false},"excerpt":{"rendered":"<p>De forma clara y concisa, este modelo de contrato explica, paso a paso, tanto a los vendedores como a los compradores, todas las etapas del contrato, desde las caracter\u00edsticas generales, su \u00e1mbito de aplicaci\u00f3n hasta la conclusi\u00f3n del mismo y la resoluci\u00f3n de desavenencias. Concisa y pr\u00e1ctica, esta \u00faltima publicaci\u00f3n revisada con los Incoterms 2020, se a\u00f1ade a la exitosa serie de modelos de contratos de la ICC que representa una valiosa herramienta para las empresas que operan en el comercio internacional y sus abogados.<\/p>\n","protected":false},"featured_media":32455,"template":"","meta":{"_editorskit_title_hidden":false,"_editorskit_reading_time":0,"_editorskit_is_block_options_detached":false,"_editorskit_block_options_position":"{}","inline_featured_image":false},"product_brand":[],"product_cat":[32,133,134],"product_tag":[],"class_list":{"0":"post-7430","1":"product","2":"type-product","3":"status-publish","4":"has-post-thumbnail","6":"product_cat-modelos-de-contratos","7":"product_cat-publicacion","8":"product_cat-publicacion-destacada","9":"post","10":"with-featured-image","12":"first","13":"instock","14":"featured","15":"shipping-taxable","16":"purchasable","17":"product-type-simple"},"_links":{"self":[{"href":"https:\/\/www.iccspain.org\/en\/wp-json\/wp\/v2\/product\/7430","targetHints":{"allow":["GET"]}}],"collection":[{"href":"https:\/\/www.iccspain.org\/en\/wp-json\/wp\/v2\/product"}],"about":[{"href":"https:\/\/www.iccspain.org\/en\/wp-json\/wp\/v2\/types\/product"}],"wp:featuredmedia":[{"embeddable":true,"href":"https:\/\/www.iccspain.org\/en\/wp-json\/wp\/v2\/media\/32455"}],"wp:attachment":[{"href":"https:\/\/www.iccspain.org\/en\/wp-json\/wp\/v2\/media?parent=7430"}],"wp:term":[{"taxonomy":"product_brand","embeddable":true,"href":"https:\/\/www.iccspain.org\/en\/wp-json\/wp\/v2\/product_brand?post=7430"},{"taxonomy":"product_cat","embeddable":true,"href":"https:\/\/www.iccspain.org\/en\/wp-json\/wp\/v2\/product_cat?post=7430"},{"taxonomy":"product_tag","embeddable":true,"href":"https:\/\/www.iccspain.org\/en\/wp-json\/wp\/v2\/product_tag?post=7430"}],"curies":[{"name":"wp","href":"https:\/\/api.w.org\/{rel}","templated":true}]}}