{"id":1422,"date":"2015-07-02T08:41:11","date_gmt":"2015-07-02T08:41:11","guid":{"rendered":"https:\/\/www.iccspain.org\/?post_type=product&#038;p=1422"},"modified":"2025-01-31T11:39:34","modified_gmt":"2025-01-31T11:39:34","slug":"introduccion-al-credito-documentario-como-evitar-problemas-con-creditos-documentarios-una-introduccion-2008","status":"publish","type":"product","link":"https:\/\/www.iccspain.org\/en\/producto\/introduccion-al-credito-documentario-como-evitar-problemas-con-creditos-documentarios-una-introduccion-2008\/","title":{"rendered":"C\u00f3mo evitar problemas con cr\u00e9ditos documentarios. Una introducci\u00f3n. (2008) Pub.006"},"content":{"rendered":"<p>Precio: 16,00\u20ac (IVA incl.)<\/p>\n<p>Introducci\u00f3n al Cr\u00e9dito Documentario. Uno de los aspectos m\u00e1s importantes de este libro es que trata asuntos complejos y nada f\u00e1ciles de entender; simplific\u00e1ndolos hasta el punto en que cualquiera pueda comprenderlo.<\/p>\n","protected":false},"excerpt":{"rendered":"<p>Introducci\u00f3n al Cr\u00e9dito Documentario. Uno de los aspectos m\u00e1s importantes de este libro es que trata asuntos complejos y nada f\u00e1ciles de entender; simplific\u00e1ndolos hasta el punto en que cualquiera pueda comprenderlo.<\/p>\n","protected":false},"featured_media":32398,"template":"","meta":{"_editorskit_title_hidden":false,"_editorskit_reading_time":0,"_editorskit_is_block_options_detached":false,"_editorskit_block_options_position":"{}","inline_featured_image":false},"product_brand":[],"product_cat":[34,133],"product_tag":[],"class_list":{"0":"post-1422","1":"product","2":"type-product","3":"status-publish","4":"has-post-thumbnail","6":"product_cat-banca","7":"product_cat-publicacion","8":"post","9":"with-featured-image","11":"first","12":"instock","13":"shipping-taxable","14":"purchasable","15":"product-type-simple"},"_links":{"self":[{"href":"https:\/\/www.iccspain.org\/en\/wp-json\/wp\/v2\/product\/1422","targetHints":{"allow":["GET"]}}],"collection":[{"href":"https:\/\/www.iccspain.org\/en\/wp-json\/wp\/v2\/product"}],"about":[{"href":"https:\/\/www.iccspain.org\/en\/wp-json\/wp\/v2\/types\/product"}],"wp:featuredmedia":[{"embeddable":true,"href":"https:\/\/www.iccspain.org\/en\/wp-json\/wp\/v2\/media\/32398"}],"wp:attachment":[{"href":"https:\/\/www.iccspain.org\/en\/wp-json\/wp\/v2\/media?parent=1422"}],"wp:term":[{"taxonomy":"product_brand","embeddable":true,"href":"https:\/\/www.iccspain.org\/en\/wp-json\/wp\/v2\/product_brand?post=1422"},{"taxonomy":"product_cat","embeddable":true,"href":"https:\/\/www.iccspain.org\/en\/wp-json\/wp\/v2\/product_cat?post=1422"},{"taxonomy":"product_tag","embeddable":true,"href":"https:\/\/www.iccspain.org\/en\/wp-json\/wp\/v2\/product_tag?post=1422"}],"curies":[{"name":"wp","href":"https:\/\/api.w.org\/{rel}","templated":true}]}}