{"id":1421,"date":"2015-07-02T08:40:02","date_gmt":"2015-07-02T08:40:02","guid":{"rendered":"https:\/\/www.iccspain.org\/?post_type=product&#038;p=1421"},"modified":"2025-02-12T09:15:31","modified_gmt":"2025-02-12T09:15:31","slug":"modelo-de-la-icc-de-contrato-de-agencia-comercial-1991","status":"publish","type":"product","link":"https:\/\/www.iccspain.org\/en\/producto\/modelo-de-la-icc-de-contrato-de-agencia-comercial-1991\/","title":{"rendered":"Modelo de la ICC de Contrato de Agencia Comercial (2015) Pub.766ES"},"content":{"rendered":"<p>Precio: 50,00\u20ac (IVA incl.) Tambi\u00e9n en ebook<\/p>\n<p>El contrato modelo ha sido revisado en 2015, teniendo en cuenta la evoluci\u00f3n reciente de las leyes de agencia y tambi\u00e9n para asegurarse de que el contrato concuerda con el resto de contratos modelo de la ICC.<\/p>\n<p>El modelo de contrato aborda cuestiones importantes como las ventas por Internet, las indemnizaciones, el arbitraje y los principios de derecho aplicables con car\u00e1cter general a los contratos de agencia comercial (\u201clex mercatoria\u201d).<\/p>\n<p>Tambi\u00e9n existe la publicaci\u00f3n en ingl\u00e9s 766E<\/p>\n","protected":false},"excerpt":{"rendered":"<p>El contrato modelo ha sido revisado en 2015, teniendo en cuenta la evoluci\u00f3n reciente de las leyes de agencia y tambi\u00e9n para asegurarse de que el contrato concuerda con el resto de contratos modelo de la ICC.<\/p>\n","protected":false},"featured_media":32452,"template":"","meta":{"_editorskit_title_hidden":false,"_editorskit_reading_time":0,"_editorskit_is_block_options_detached":false,"_editorskit_block_options_position":"{}","inline_featured_image":false},"product_brand":[],"product_cat":[32,133],"product_tag":[],"class_list":{"0":"post-1421","1":"product","2":"type-product","3":"status-publish","4":"has-post-thumbnail","6":"product_cat-modelos-de-contratos","7":"product_cat-publicacion","8":"post","9":"with-featured-image","11":"first","12":"instock","13":"shipping-taxable","14":"purchasable","15":"product-type-simple"},"_links":{"self":[{"href":"https:\/\/www.iccspain.org\/en\/wp-json\/wp\/v2\/product\/1421","targetHints":{"allow":["GET"]}}],"collection":[{"href":"https:\/\/www.iccspain.org\/en\/wp-json\/wp\/v2\/product"}],"about":[{"href":"https:\/\/www.iccspain.org\/en\/wp-json\/wp\/v2\/types\/product"}],"wp:featuredmedia":[{"embeddable":true,"href":"https:\/\/www.iccspain.org\/en\/wp-json\/wp\/v2\/media\/32452"}],"wp:attachment":[{"href":"https:\/\/www.iccspain.org\/en\/wp-json\/wp\/v2\/media?parent=1421"}],"wp:term":[{"taxonomy":"product_brand","embeddable":true,"href":"https:\/\/www.iccspain.org\/en\/wp-json\/wp\/v2\/product_brand?post=1421"},{"taxonomy":"product_cat","embeddable":true,"href":"https:\/\/www.iccspain.org\/en\/wp-json\/wp\/v2\/product_cat?post=1421"},{"taxonomy":"product_tag","embeddable":true,"href":"https:\/\/www.iccspain.org\/en\/wp-json\/wp\/v2\/product_tag?post=1421"}],"curies":[{"name":"wp","href":"https:\/\/api.w.org\/{rel}","templated":true}]}}