{"id":1420,"date":"2015-07-02T08:38:29","date_gmt":"2015-07-02T08:38:29","guid":{"rendered":"https:\/\/www.iccspain.org\/?post_type=product&#038;p=1420"},"modified":"2025-01-31T11:38:16","modified_gmt":"2025-01-31T11:38:16","slug":"guia-y-formularios-de-la-icc-para-finanzas-contractuales-1997","status":"publish","type":"product","link":"https:\/\/www.iccspain.org\/en\/producto\/guia-y-formularios-de-la-icc-para-finanzas-contractuales-1997\/","title":{"rendered":"Gu\u00eda y Formularios de la ICC para Fianzas Contractuales (1997) Pub.536ES"},"content":{"rendered":"<p>Precio: 14.00 \u20ac (IVA incl.)<\/p>\n<p>Las Reglas Uniformes de la ICC para Fianzas Contractuales se desarrollaron para regular las disposiciones de las garant\u00edas \u201ccondicionales\u201d, y para poner \u00e9nfasis que las obligaciones del Garante eran accesorias, y como m\u00e1ximo tan amplias como, las obligaciones del Contratista\/Afianzado al que se refiere la fianza destacada. Esta publicaci\u00f3n contiene un repaso, art\u00edculo por art\u00edculo, de las Reglas, a trav\u00e9s de un comentario que explica cada disposici\u00f3n.<\/p>\n<p>Tambi\u00e9n existe la publicaci\u00f3n \u00fanicamente en ingl\u00e9s\u00a0 Pub.536E<\/p>\n","protected":false},"excerpt":{"rendered":"<p>Las Reglas Uniformes de la ICC para Fianzas Contractuales se desarrollaron para regular las disposiciones de las garant\u00edas \u201ccondicionales\u201d, y para poner \u00e9nfasis que las obligaciones del Garante eran accesorias, y como m\u00e1ximo tan amplias como, las obligaciones del Contratista\/Afianzado al que se refiere la fianza destacada. Esta publicaci\u00f3n contiene un repaso, art\u00edculo por art\u00edculo, de las Reglas, a trav\u00e9s de un comentario que explica cada disposici\u00f3n.<\/p>\n","protected":false},"featured_media":32395,"template":"","meta":{"_editorskit_title_hidden":false,"_editorskit_reading_time":0,"_editorskit_is_block_options_detached":false,"_editorskit_block_options_position":"{}","inline_featured_image":false},"product_brand":[],"product_cat":[34,133],"product_tag":[],"class_list":{"0":"post-1420","1":"product","2":"type-product","3":"status-publish","4":"has-post-thumbnail","6":"product_cat-banca","7":"product_cat-publicacion","8":"post","9":"with-featured-image","11":"first","12":"instock","13":"shipping-taxable","14":"purchasable","15":"product-type-simple"},"_links":{"self":[{"href":"https:\/\/www.iccspain.org\/en\/wp-json\/wp\/v2\/product\/1420","targetHints":{"allow":["GET"]}}],"collection":[{"href":"https:\/\/www.iccspain.org\/en\/wp-json\/wp\/v2\/product"}],"about":[{"href":"https:\/\/www.iccspain.org\/en\/wp-json\/wp\/v2\/types\/product"}],"wp:featuredmedia":[{"embeddable":true,"href":"https:\/\/www.iccspain.org\/en\/wp-json\/wp\/v2\/media\/32395"}],"wp:attachment":[{"href":"https:\/\/www.iccspain.org\/en\/wp-json\/wp\/v2\/media?parent=1420"}],"wp:term":[{"taxonomy":"product_brand","embeddable":true,"href":"https:\/\/www.iccspain.org\/en\/wp-json\/wp\/v2\/product_brand?post=1420"},{"taxonomy":"product_cat","embeddable":true,"href":"https:\/\/www.iccspain.org\/en\/wp-json\/wp\/v2\/product_cat?post=1420"},{"taxonomy":"product_tag","embeddable":true,"href":"https:\/\/www.iccspain.org\/en\/wp-json\/wp\/v2\/product_tag?post=1420"}],"curies":[{"name":"wp","href":"https:\/\/api.w.org\/{rel}","templated":true}]}}