{"id":14198,"date":"2024-01-05T09:20:23","date_gmt":"2024-01-05T09:20:23","guid":{"rendered":"https:\/\/www.iccspain.org\/?post_type=product&#038;p=14198"},"modified":"2025-01-30T12:09:51","modified_gmt":"2025-01-30T12:09:51","slug":"practica-bancaria-internacional-estandar-isbp-2023-pub-821es","status":"publish","type":"product","link":"https:\/\/www.iccspain.org\/en\/producto\/practica-bancaria-internacional-estandar-isbp-2023-pub-821es\/","title":{"rendered":"Practica Bancaria Internacional Estandar ISBP 2023 &#8211; Pub. 821ES"},"content":{"rendered":"<p>Practica Bancaria Internacional Estandar ISBP 2023 &#8211; Pub. 821ES. La pr\u00e1ctica bancaria internacional ISBP 2023 es la m\u00e1s amplia y actualizada gu\u00eda para manejar y examinar los documentos comerciales en los cr\u00e9ditos documentarios. Como fuente incalculable de informaci\u00f3n pr\u00e1ctica para los profesionales de las finanzas comerciales y acad\u00e9micos, esta edici\u00f3n actualizada de la ISBP proporciona las \u00faltimas pautas aprobadas por la ICC dirigidas a los usuarios de cr\u00e9ditos documentarios.<\/p>\n","protected":false},"excerpt":{"rendered":"<p>Practica Bancaria Internacional Estandar ISBP 2023 &#8211; Pub. 821ES. La pr\u00e1ctica bancaria internacional ISBP 2023 es la m\u00e1s amplia y actualizada gu\u00eda para manejar y examinar los documentos comerciales en los cr\u00e9ditos documentarios. Como fuente incalculable de informaci\u00f3n pr\u00e1ctica para los profesionales de las finanzas comerciales y acad\u00e9micos, esta edici\u00f3n actualizada de la ISBP proporciona las \u00faltimas pautas aprobadas por la ICC dirigidas a los usuarios de cr\u00e9ditos documentarios.<\/p>\n","protected":false},"featured_media":32328,"template":"","meta":{"_editorskit_title_hidden":false,"_editorskit_reading_time":0,"_editorskit_is_block_options_detached":false,"_editorskit_block_options_position":"{}","inline_featured_image":false},"product_brand":[],"product_cat":[34,134],"product_tag":[],"class_list":{"0":"post-14198","1":"product","2":"type-product","3":"status-publish","4":"has-post-thumbnail","6":"product_cat-banca","7":"product_cat-publicacion-destacada","8":"post","9":"with-featured-image","11":"first","12":"instock","13":"shipping-taxable","14":"purchasable","15":"product-type-simple"},"_links":{"self":[{"href":"https:\/\/www.iccspain.org\/en\/wp-json\/wp\/v2\/product\/14198","targetHints":{"allow":["GET"]}}],"collection":[{"href":"https:\/\/www.iccspain.org\/en\/wp-json\/wp\/v2\/product"}],"about":[{"href":"https:\/\/www.iccspain.org\/en\/wp-json\/wp\/v2\/types\/product"}],"wp:featuredmedia":[{"embeddable":true,"href":"https:\/\/www.iccspain.org\/en\/wp-json\/wp\/v2\/media\/32328"}],"wp:attachment":[{"href":"https:\/\/www.iccspain.org\/en\/wp-json\/wp\/v2\/media?parent=14198"}],"wp:term":[{"taxonomy":"product_brand","embeddable":true,"href":"https:\/\/www.iccspain.org\/en\/wp-json\/wp\/v2\/product_brand?post=14198"},{"taxonomy":"product_cat","embeddable":true,"href":"https:\/\/www.iccspain.org\/en\/wp-json\/wp\/v2\/product_cat?post=14198"},{"taxonomy":"product_tag","embeddable":true,"href":"https:\/\/www.iccspain.org\/en\/wp-json\/wp\/v2\/product_tag?post=14198"}],"curies":[{"name":"wp","href":"https:\/\/api.w.org\/{rel}","templated":true}]}}