{"id":1419,"date":"2015-07-02T08:37:31","date_gmt":"2015-07-02T08:37:31","guid":{"rendered":"https:\/\/www.iccspain.org\/?post_type=product&#038;p=1419"},"modified":"2025-01-31T11:35:15","modified_gmt":"2025-01-31T11:35:15","slug":"isp-98-usos-internacionales-relativos-a-los-creditos-contingentes-1998","status":"publish","type":"product","link":"https:\/\/www.iccspain.org\/en\/producto\/isp-98-usos-internacionales-relativos-a-los-creditos-contingentes-1998\/","title":{"rendered":"ISP 98 Usos internacionales relativos a los cr\u00e9ditos contingentes (1998) Pub.590ES"},"content":{"rendered":"<p>Precio: 20.00\u20ac (IVA incl.)<\/p>\n<p>Las ISP98 llenan un vac\u00edo importante en el mercado. Aunque similares a las cartas de cr\u00e9dito comerciales y otros instrumentos financieros, las cartas de cr\u00e9dito contingente presentan diferencias significativas tanto en su alcance como en sus pr\u00e1cticas.<\/p>\n<p>Tambi\u00e9n existe la publicaci\u00f3n \u00fanicamente en ingl\u00e9s Pub 590E<\/p>\n","protected":false},"excerpt":{"rendered":"<p>Las ISP98 llenan un vac\u00edo importante en el mercado. Aunque similares a las cartas de cr\u00e9dito comerciales y otros instrumentos financieros, las cartas de cr\u00e9dito contingente presentan diferencias significativas tanto en su alcance como en sus pr\u00e1cticas.<\/p>\n","protected":false},"featured_media":32389,"template":"","meta":{"_editorskit_title_hidden":false,"_editorskit_reading_time":0,"_editorskit_is_block_options_detached":false,"_editorskit_block_options_position":"{}","inline_featured_image":false},"product_brand":[],"product_cat":[34,133],"product_tag":[],"class_list":{"0":"post-1419","1":"product","2":"type-product","3":"status-publish","4":"has-post-thumbnail","6":"product_cat-banca","7":"product_cat-publicacion","8":"post","9":"with-featured-image","11":"first","12":"instock","13":"shipping-taxable","14":"purchasable","15":"product-type-simple"},"_links":{"self":[{"href":"https:\/\/www.iccspain.org\/en\/wp-json\/wp\/v2\/product\/1419","targetHints":{"allow":["GET"]}}],"collection":[{"href":"https:\/\/www.iccspain.org\/en\/wp-json\/wp\/v2\/product"}],"about":[{"href":"https:\/\/www.iccspain.org\/en\/wp-json\/wp\/v2\/types\/product"}],"wp:featuredmedia":[{"embeddable":true,"href":"https:\/\/www.iccspain.org\/en\/wp-json\/wp\/v2\/media\/32389"}],"wp:attachment":[{"href":"https:\/\/www.iccspain.org\/en\/wp-json\/wp\/v2\/media?parent=1419"}],"wp:term":[{"taxonomy":"product_brand","embeddable":true,"href":"https:\/\/www.iccspain.org\/en\/wp-json\/wp\/v2\/product_brand?post=1419"},{"taxonomy":"product_cat","embeddable":true,"href":"https:\/\/www.iccspain.org\/en\/wp-json\/wp\/v2\/product_cat?post=1419"},{"taxonomy":"product_tag","embeddable":true,"href":"https:\/\/www.iccspain.org\/en\/wp-json\/wp\/v2\/product_tag?post=1419"}],"curies":[{"name":"wp","href":"https:\/\/api.w.org\/{rel}","templated":true}]}}