{"id":1418,"date":"2015-07-02T08:35:52","date_gmt":"2015-07-02T08:35:52","guid":{"rendered":"https:\/\/www.iccspain.org\/?post_type=product&#038;p=1418"},"modified":"2025-01-31T11:36:32","modified_gmt":"2025-01-31T11:36:32","slug":"reglas-uniformes-de-la-icc-relativas-a-las-cobranzas-1995","status":"publish","type":"product","link":"https:\/\/www.iccspain.org\/en\/producto\/reglas-uniformes-de-la-icc-relativas-a-las-cobranzas-1995\/","title":{"rendered":"Reglas Uniformes de la ICC relativas a las Cobranzas (1995) Pub.550ES"},"content":{"rendered":"<p>Precio: 14.00\u20ac (IVA incl.)<\/p>\n<p>Es un comentario sobre cada una de las Reglas, con lo que enriquece la compresi\u00f3n de los procesos por los que se crearon las Reglas y proporciona una gu\u00eda sobre las cuestiones pr\u00e1cticas que aparecen en el manejo de las cobranzas.<\/p>\n<p>Tambi\u00e9n existe la publicaci\u00f3n \u00fanicamente en ingl\u00e9s Pub.550E<\/p>\n","protected":false},"excerpt":{"rendered":"<p>Es un comentario sobre cada una de las Reglas, con lo que enriquece la compresi\u00f3n de los procesos por los que se crearon las Reglas y proporciona una gu\u00eda sobre las cuestiones pr\u00e1cticas que aparecen en el manejo de las cobranzas.<\/p>\n","protected":false},"featured_media":32392,"template":"","meta":{"_editorskit_title_hidden":false,"_editorskit_reading_time":0,"_editorskit_is_block_options_detached":false,"_editorskit_block_options_position":"{}","inline_featured_image":false},"product_brand":[],"product_cat":[34,133],"product_tag":[],"class_list":{"0":"post-1418","1":"product","2":"type-product","3":"status-publish","4":"has-post-thumbnail","6":"product_cat-banca","7":"product_cat-publicacion","8":"post","9":"with-featured-image","11":"first","12":"instock","13":"shipping-taxable","14":"purchasable","15":"product-type-simple"},"_links":{"self":[{"href":"https:\/\/www.iccspain.org\/en\/wp-json\/wp\/v2\/product\/1418","targetHints":{"allow":["GET"]}}],"collection":[{"href":"https:\/\/www.iccspain.org\/en\/wp-json\/wp\/v2\/product"}],"about":[{"href":"https:\/\/www.iccspain.org\/en\/wp-json\/wp\/v2\/types\/product"}],"wp:featuredmedia":[{"embeddable":true,"href":"https:\/\/www.iccspain.org\/en\/wp-json\/wp\/v2\/media\/32392"}],"wp:attachment":[{"href":"https:\/\/www.iccspain.org\/en\/wp-json\/wp\/v2\/media?parent=1418"}],"wp:term":[{"taxonomy":"product_brand","embeddable":true,"href":"https:\/\/www.iccspain.org\/en\/wp-json\/wp\/v2\/product_brand?post=1418"},{"taxonomy":"product_cat","embeddable":true,"href":"https:\/\/www.iccspain.org\/en\/wp-json\/wp\/v2\/product_cat?post=1418"},{"taxonomy":"product_tag","embeddable":true,"href":"https:\/\/www.iccspain.org\/en\/wp-json\/wp\/v2\/product_tag?post=1418"}],"curies":[{"name":"wp","href":"https:\/\/api.w.org\/{rel}","templated":true}]}}