{"id":1417,"date":"2015-07-02T08:31:47","date_gmt":"2015-07-02T08:31:47","guid":{"rendered":"https:\/\/www.iccspain.org\/?post_type=product&#038;p=1417"},"modified":"2025-01-31T11:33:46","modified_gmt":"2025-01-31T11:33:46","slug":"reglas-uniformes-de-la-icc-para-los-creditos-documentarios-revision-2007-2007","status":"publish","type":"product","link":"https:\/\/www.iccspain.org\/en\/producto\/reglas-uniformes-de-la-icc-para-los-creditos-documentarios-revision-2007-2007\/","title":{"rendered":"Reglas Uniformes de la ICC para los Cr\u00e9ditos Documentarios Revisi\u00f3n 2007 Pub.600ES"},"content":{"rendered":"<p>Precio: 25,00\u20ac (IVA incl.) Tambi\u00e9n en ebook<\/p>\n<p>Las UCP 600 contienen importantes disposiciones nuevas en los sectores del transporte, seguros y en el propio cumplimiento, que supondr\u00e1n la base de las transacciones con cr\u00e9ditos documentarios en los pr\u00f3ximos a\u00f1os. Desde su creaci\u00f3n, las UCP han sido un componente vital del comercio internacional.<\/p>\n<p>Tambi\u00e9n existe la publicaci\u00f3n \u00fanicamente en ingl\u00e9s\u00a0 Pub.600E<\/p>\n","protected":false},"excerpt":{"rendered":"<p>Las UCP 600 contienen importantes disposiciones nuevas en los sectores del transporte, seguros y en el propio cumplimiento, que supondr\u00e1n la base de las transacciones con cr\u00e9ditos documentarios en los pr\u00f3ximos a\u00f1os. Desde su creaci\u00f3n, las UCP han sido un componente vital del comercio internacional.<\/p>\n","protected":false},"featured_media":32386,"template":"","meta":{"_editorskit_title_hidden":false,"_editorskit_reading_time":0,"_editorskit_is_block_options_detached":false,"_editorskit_block_options_position":"{}","inline_featured_image":false},"product_brand":[],"product_cat":[34,133,134],"product_tag":[],"class_list":{"0":"post-1417","1":"product","2":"type-product","3":"status-publish","4":"has-post-thumbnail","6":"product_cat-banca","7":"product_cat-publicacion","8":"product_cat-publicacion-destacada","9":"post","10":"with-featured-image","12":"first","13":"instock","14":"featured","15":"shipping-taxable","16":"purchasable","17":"product-type-simple"},"_links":{"self":[{"href":"https:\/\/www.iccspain.org\/en\/wp-json\/wp\/v2\/product\/1417","targetHints":{"allow":["GET"]}}],"collection":[{"href":"https:\/\/www.iccspain.org\/en\/wp-json\/wp\/v2\/product"}],"about":[{"href":"https:\/\/www.iccspain.org\/en\/wp-json\/wp\/v2\/types\/product"}],"wp:featuredmedia":[{"embeddable":true,"href":"https:\/\/www.iccspain.org\/en\/wp-json\/wp\/v2\/media\/32386"}],"wp:attachment":[{"href":"https:\/\/www.iccspain.org\/en\/wp-json\/wp\/v2\/media?parent=1417"}],"wp:term":[{"taxonomy":"product_brand","embeddable":true,"href":"https:\/\/www.iccspain.org\/en\/wp-json\/wp\/v2\/product_brand?post=1417"},{"taxonomy":"product_cat","embeddable":true,"href":"https:\/\/www.iccspain.org\/en\/wp-json\/wp\/v2\/product_cat?post=1417"},{"taxonomy":"product_tag","embeddable":true,"href":"https:\/\/www.iccspain.org\/en\/wp-json\/wp\/v2\/product_tag?post=1417"}],"curies":[{"name":"wp","href":"https:\/\/api.w.org\/{rel}","templated":true}]}}