{"id":1413,"date":"2015-07-02T08:23:21","date_gmt":"2015-07-02T08:23:21","guid":{"rendered":"https:\/\/www.iccspain.org\/?post_type=product&#038;p=1413"},"modified":"2025-01-31T12:09:44","modified_gmt":"2025-01-31T12:09:44","slug":"%ef%bb%bfcontrato-modelo-de-la-icc-de-contrato-sobre-fusiones-y-adquisiciones-internacionales-2004","status":"publish","type":"product","link":"https:\/\/www.iccspain.org\/en\/producto\/%ef%bb%bfcontrato-modelo-de-la-icc-de-contrato-sobre-fusiones-y-adquisiciones-internacionales-2004\/","title":{"rendered":"\ufeffContrato Modelo de la ICC de Contrato sobre Fusiones y Adquisiciones Internacionales (2004) Pub.656ES"},"content":{"rendered":"<p>Precio:40.00\u20ac<\/p>\n<p>Este modelo es un acuerdo para la compraventa de acciones en su forma m\u00e1s sencilla, es decir, la adquisici\u00f3n de todo el capital emitido de una compa\u00f1\u00eda. Se concibe con el prop\u00f3sito de ayudar a las partes para poder redactar un contrato simple.<\/p>\n","protected":false},"excerpt":{"rendered":"<p>Este modelo es un acuerdo para la compraventa de acciones en su forma m\u00e1s sencilla, es decir, la adquisici\u00f3n de todo el capital emitido de una compa\u00f1\u00eda<\/p>\n","protected":false},"featured_media":32449,"template":"","meta":{"_editorskit_title_hidden":false,"_editorskit_reading_time":0,"_editorskit_is_block_options_detached":false,"_editorskit_block_options_position":"{}","inline_featured_image":false},"product_brand":[],"product_cat":[32,133],"product_tag":[],"class_list":{"0":"post-1413","1":"product","2":"type-product","3":"status-publish","4":"has-post-thumbnail","6":"product_cat-modelos-de-contratos","7":"product_cat-publicacion","8":"post","9":"with-featured-image","11":"first","12":"instock","13":"shipping-taxable","14":"purchasable","15":"product-type-simple"},"_links":{"self":[{"href":"https:\/\/www.iccspain.org\/en\/wp-json\/wp\/v2\/product\/1413","targetHints":{"allow":["GET"]}}],"collection":[{"href":"https:\/\/www.iccspain.org\/en\/wp-json\/wp\/v2\/product"}],"about":[{"href":"https:\/\/www.iccspain.org\/en\/wp-json\/wp\/v2\/types\/product"}],"wp:featuredmedia":[{"embeddable":true,"href":"https:\/\/www.iccspain.org\/en\/wp-json\/wp\/v2\/media\/32449"}],"wp:attachment":[{"href":"https:\/\/www.iccspain.org\/en\/wp-json\/wp\/v2\/media?parent=1413"}],"wp:term":[{"taxonomy":"product_brand","embeddable":true,"href":"https:\/\/www.iccspain.org\/en\/wp-json\/wp\/v2\/product_brand?post=1413"},{"taxonomy":"product_cat","embeddable":true,"href":"https:\/\/www.iccspain.org\/en\/wp-json\/wp\/v2\/product_cat?post=1413"},{"taxonomy":"product_tag","embeddable":true,"href":"https:\/\/www.iccspain.org\/en\/wp-json\/wp\/v2\/product_tag?post=1413"}],"curies":[{"name":"wp","href":"https:\/\/api.w.org\/{rel}","templated":true}]}}