{"id":1398,"date":"2015-06-30T11:49:21","date_gmt":"2015-06-30T11:49:21","guid":{"rendered":"https:\/\/www.iccspain.org\/?post_type=product&#038;p=1398"},"modified":"2025-02-03T10:10:34","modified_gmt":"2025-02-03T10:10:34","slug":"guia-para-el-certificado-de-origen-internacional-2011-publicacion-no-670es-isbn-978-84-89924-44-4","status":"publish","type":"product","link":"https:\/\/www.iccspain.org\/en\/producto\/guia-para-el-certificado-de-origen-internacional-2011-publicacion-no-670es-isbn-978-84-89924-44-4\/","title":{"rendered":"Gu\u00eda para el Certificado de Origen Internacional (2011) Pub.670ES"},"content":{"rendered":"<p>Manual \u00fanico que detalla los procedimientos internacionales y representa una gu\u00eda para las c\u00e1maras en la expedici\u00f3n de certificados de origen no preferenciales. Esta gu\u00eda indispensable permite comprender las mejores pr\u00e1cticas de varios organismos camerales nacionales.<\/p>\n<p>Tambi\u00e9n existe la publicaci\u00f3n \u00fanicamente en ingl\u00e9s Pub. 670E<\/p>\n","protected":false},"excerpt":{"rendered":"<p>Manual \u00fanico que detalla los procedimientos internacionales y representa una gu\u00eda para las c\u00e1maras en la expedici\u00f3n de certificados de origen no preferenciales.<\/p>\n","protected":false},"featured_media":32525,"template":"","meta":{"_editorskit_title_hidden":false,"_editorskit_reading_time":0,"_editorskit_is_block_options_detached":false,"_editorskit_block_options_position":"{}","inline_featured_image":false},"product_brand":[],"product_cat":[133],"product_tag":[],"class_list":{"0":"post-1398","1":"product","2":"type-product","3":"status-publish","4":"has-post-thumbnail","6":"product_cat-publicacion","7":"post","8":"with-featured-image","10":"first","11":"instock","12":"shipping-taxable","13":"purchasable","14":"product-type-simple"},"_links":{"self":[{"href":"https:\/\/www.iccspain.org\/en\/wp-json\/wp\/v2\/product\/1398","targetHints":{"allow":["GET"]}}],"collection":[{"href":"https:\/\/www.iccspain.org\/en\/wp-json\/wp\/v2\/product"}],"about":[{"href":"https:\/\/www.iccspain.org\/en\/wp-json\/wp\/v2\/types\/product"}],"wp:featuredmedia":[{"embeddable":true,"href":"https:\/\/www.iccspain.org\/en\/wp-json\/wp\/v2\/media\/32525"}],"wp:attachment":[{"href":"https:\/\/www.iccspain.org\/en\/wp-json\/wp\/v2\/media?parent=1398"}],"wp:term":[{"taxonomy":"product_brand","embeddable":true,"href":"https:\/\/www.iccspain.org\/en\/wp-json\/wp\/v2\/product_brand?post=1398"},{"taxonomy":"product_cat","embeddable":true,"href":"https:\/\/www.iccspain.org\/en\/wp-json\/wp\/v2\/product_cat?post=1398"},{"taxonomy":"product_tag","embeddable":true,"href":"https:\/\/www.iccspain.org\/en\/wp-json\/wp\/v2\/product_tag?post=1398"}],"curies":[{"name":"wp","href":"https:\/\/api.w.org\/{rel}","templated":true}]}}