{"id":1397,"date":"2015-06-30T11:48:11","date_gmt":"2015-06-30T11:48:11","guid":{"rendered":"https:\/\/www.iccspain.org\/?post_type=product&#038;p=1397"},"modified":"2025-01-31T11:41:25","modified_gmt":"2025-01-31T11:41:25","slug":"comentario-sobre-las-ucp-600-2007-publicacion-cci-no-680es-isbn-978-84-89924-38-3","status":"publish","type":"product","link":"https:\/\/www.iccspain.org\/en\/producto\/comentario-sobre-las-ucp-600-2007-publicacion-cci-no-680es-isbn-978-84-89924-38-3\/","title":{"rendered":"Comentario sobre las UCP 600 (2007) Pub.680ES"},"content":{"rendered":"<p>Precio: 54,00\u20ac (IVA incl.)<\/p>\n<p>El Comentario sobre las UCP 600 proporciona una noci\u00f3n incalculable acerca de lo que pensaban los que redactaron las UCP. Ser\u00e1 el libro de referencia escogido por estudiantes y usuarios de las reglas del cr\u00e9dito documentario. Escrito por miembros del grupo de redacci\u00f3n de las UCP 600.<\/p>\n<p>Tambi\u00e9n existe la publicaci\u00f3n \u00fanicamente en ingl\u00e9s\u00a0 Pub.680E<\/p>\n<p>&nbsp;<\/p>\n","protected":false},"excerpt":{"rendered":"<p>El Comentario sobre las UCP 600 proporciona una noci\u00f3n incalculable acerca de lo que pensaban los que redactaron las UCP<\/p>\n","protected":false},"featured_media":32401,"template":"","meta":{"_editorskit_title_hidden":false,"_editorskit_reading_time":0,"_editorskit_is_block_options_detached":false,"_editorskit_block_options_position":"{}","inline_featured_image":false},"product_brand":[],"product_cat":[34,133],"product_tag":[],"class_list":{"0":"post-1397","1":"product","2":"type-product","3":"status-publish","4":"has-post-thumbnail","6":"product_cat-banca","7":"product_cat-publicacion","8":"post","9":"with-featured-image","11":"first","12":"instock","13":"shipping-taxable","14":"purchasable","15":"product-type-simple"},"_links":{"self":[{"href":"https:\/\/www.iccspain.org\/en\/wp-json\/wp\/v2\/product\/1397","targetHints":{"allow":["GET"]}}],"collection":[{"href":"https:\/\/www.iccspain.org\/en\/wp-json\/wp\/v2\/product"}],"about":[{"href":"https:\/\/www.iccspain.org\/en\/wp-json\/wp\/v2\/types\/product"}],"wp:featuredmedia":[{"embeddable":true,"href":"https:\/\/www.iccspain.org\/en\/wp-json\/wp\/v2\/media\/32401"}],"wp:attachment":[{"href":"https:\/\/www.iccspain.org\/en\/wp-json\/wp\/v2\/media?parent=1397"}],"wp:term":[{"taxonomy":"product_brand","embeddable":true,"href":"https:\/\/www.iccspain.org\/en\/wp-json\/wp\/v2\/product_brand?post=1397"},{"taxonomy":"product_cat","embeddable":true,"href":"https:\/\/www.iccspain.org\/en\/wp-json\/wp\/v2\/product_cat?post=1397"},{"taxonomy":"product_tag","embeddable":true,"href":"https:\/\/www.iccspain.org\/en\/wp-json\/wp\/v2\/product_tag?post=1397"}],"curies":[{"name":"wp","href":"https:\/\/api.w.org\/{rel}","templated":true}]}}