{"id":1396,"date":"2015-06-30T11:46:35","date_gmt":"2015-06-30T11:46:35","guid":{"rendered":"https:\/\/www.iccspain.org\/?post_type=product&#038;p=1396"},"modified":"2025-01-31T11:47:09","modified_gmt":"2025-01-31T11:47:09","slug":"reglas-uniformes-de-la-icc-para-reembolsos-interbancarios-de-creditos-documentarios-2008-publicacion-no-725es-isbn-978-84-89924-39-0","status":"publish","type":"product","link":"https:\/\/www.iccspain.org\/en\/producto\/reglas-uniformes-de-la-icc-para-reembolsos-interbancarios-de-creditos-documentarios-2008-publicacion-no-725es-isbn-978-84-89924-39-0\/","title":{"rendered":"Reglas uniformes de la ICC para reembolsos interbancarios de cr\u00e9ditos documentarios (2008) Pub.725ES FUERA STOCK"},"content":{"rendered":"<p>Precio:15,00\u20ac (IVA incl.)<\/p>\n<p>Regulan las pr\u00e1cticas para ejecuci\u00f3n de los reembolsos interbancarios de cr\u00e9ditos documentarios en todo el mundo seg\u00fan el art\u00edculo 13 de las UCP 600.<\/p>\n<p>Tambi\u00e9n existe la publicaci\u00f3n \u00fanicamente en ingl\u00e9s Pub. 725E<\/p>\n","protected":false},"excerpt":{"rendered":"<p>Regulan las pr\u00e1cticas para ejecuci\u00f3n de los reembolsos interbancarios de cr\u00e9ditos documentarios en todo el mundo seg\u00fan el art\u00edculo 13 de las UCP 600.<\/p>\n","protected":false},"featured_media":32413,"template":"","meta":{"_editorskit_title_hidden":false,"_editorskit_reading_time":0,"_editorskit_is_block_options_detached":false,"_editorskit_block_options_position":"{}","inline_featured_image":false},"product_brand":[],"product_cat":[34,133],"product_tag":[],"class_list":{"0":"post-1396","1":"product","2":"type-product","3":"status-publish","4":"has-post-thumbnail","6":"product_cat-banca","7":"product_cat-publicacion","8":"post","9":"with-featured-image","11":"first","12":"instock","13":"shipping-taxable","14":"purchasable","15":"product-type-simple"},"_links":{"self":[{"href":"https:\/\/www.iccspain.org\/en\/wp-json\/wp\/v2\/product\/1396","targetHints":{"allow":["GET"]}}],"collection":[{"href":"https:\/\/www.iccspain.org\/en\/wp-json\/wp\/v2\/product"}],"about":[{"href":"https:\/\/www.iccspain.org\/en\/wp-json\/wp\/v2\/types\/product"}],"wp:featuredmedia":[{"embeddable":true,"href":"https:\/\/www.iccspain.org\/en\/wp-json\/wp\/v2\/media\/32413"}],"wp:attachment":[{"href":"https:\/\/www.iccspain.org\/en\/wp-json\/wp\/v2\/media?parent=1396"}],"wp:term":[{"taxonomy":"product_brand","embeddable":true,"href":"https:\/\/www.iccspain.org\/en\/wp-json\/wp\/v2\/product_brand?post=1396"},{"taxonomy":"product_cat","embeddable":true,"href":"https:\/\/www.iccspain.org\/en\/wp-json\/wp\/v2\/product_cat?post=1396"},{"taxonomy":"product_tag","embeddable":true,"href":"https:\/\/www.iccspain.org\/en\/wp-json\/wp\/v2\/product_tag?post=1396"}],"curies":[{"name":"wp","href":"https:\/\/api.w.org\/{rel}","templated":true}]}}