{"id":1389,"date":"2015-06-30T11:31:33","date_gmt":"2015-06-30T11:31:33","guid":{"rendered":"https:\/\/www.iccspain.org\/?post_type=product&#038;p=1389"},"modified":"2025-01-31T11:43:15","modified_gmt":"2025-01-31T11:43:15","slug":"reglas-uniformes-para-las-obligaciones-bancarias-bpo-publicacion-no-750es-isbn-978-84-89924-53-6","status":"publish","type":"product","link":"https:\/\/www.iccspain.org\/en\/producto\/reglas-uniformes-para-las-obligaciones-bancarias-bpo-publicacion-no-750es-isbn-978-84-89924-53-6\/","title":{"rendered":"Reglas Uniformes para las obligaciones bancarias BPO Pub.750ES"},"content":{"rendered":"<p>Precio: 20.80\u20ac (IVA incl.)<\/p>\n<p>Reglas Uniformes para las obligaciones bancarias BPO son un conjunto de reglas del siglo XXI destinado a un campo que se desarrolla con rapidez: la financiaci\u00f3n de la cadena de suministro. Han sido desarrolladas por la Co-misi\u00f3n Bancaria de la C\u00e1mara de Comercio Internacional (ICC) en asociaci\u00f3n con el proveedor l\u00edder de mensajer\u00eda financiera, SWIFT, para tener en consideraci\u00f3n las leg\u00edtimas expectativas de todos los sectores implicados. El mercado pide nuevas soluciones que den respuesta al creciente uso de las condiciones de cuenta abierta en el comercio internacional y que pasen de sistemas basados en papel a procesos electr\u00f3nicos que reduzcan la presi\u00f3n en los costos y reaccionen ante las cambiantes din\u00e1micas del riesgo. Las URBPO constituyen una soluci\u00f3n proporcionada por ICC para responder a estas nuevas demandas del mercado.<\/p>\n<p>Tambi\u00e9n existe la publicaci\u00f3n \u00fanicamente en ingl\u00e9s Pub. 750E<\/p>\n","protected":false},"excerpt":{"rendered":"<p>Reglas Uniformes para las obligaciones bancarias BPO son un conjunto de reglas del siglo XXI destinado a un campo que se desarrolla con rapidez: la financiaci\u00f3n de la cadena de suministro.<\/p>\n","protected":false},"featured_media":32404,"template":"","meta":{"_editorskit_title_hidden":false,"_editorskit_reading_time":0,"_editorskit_is_block_options_detached":false,"_editorskit_block_options_position":"{}","inline_featured_image":false},"product_brand":[],"product_cat":[34,133],"product_tag":[],"class_list":{"0":"post-1389","1":"product","2":"type-product","3":"status-publish","4":"has-post-thumbnail","6":"product_cat-banca","7":"product_cat-publicacion","8":"post","9":"with-featured-image","11":"first","12":"instock","13":"shipping-taxable","14":"purchasable","15":"product-type-simple"},"_links":{"self":[{"href":"https:\/\/www.iccspain.org\/en\/wp-json\/wp\/v2\/product\/1389","targetHints":{"allow":["GET"]}}],"collection":[{"href":"https:\/\/www.iccspain.org\/en\/wp-json\/wp\/v2\/product"}],"about":[{"href":"https:\/\/www.iccspain.org\/en\/wp-json\/wp\/v2\/types\/product"}],"wp:featuredmedia":[{"embeddable":true,"href":"https:\/\/www.iccspain.org\/en\/wp-json\/wp\/v2\/media\/32404"}],"wp:attachment":[{"href":"https:\/\/www.iccspain.org\/en\/wp-json\/wp\/v2\/media?parent=1389"}],"wp:term":[{"taxonomy":"product_brand","embeddable":true,"href":"https:\/\/www.iccspain.org\/en\/wp-json\/wp\/v2\/product_brand?post=1389"},{"taxonomy":"product_cat","embeddable":true,"href":"https:\/\/www.iccspain.org\/en\/wp-json\/wp\/v2\/product_cat?post=1389"},{"taxonomy":"product_tag","embeddable":true,"href":"https:\/\/www.iccspain.org\/en\/wp-json\/wp\/v2\/product_tag?post=1389"}],"curies":[{"name":"wp","href":"https:\/\/api.w.org\/{rel}","templated":true}]}}