{"id":1388,"date":"2015-06-30T11:29:48","date_gmt":"2015-06-30T11:29:48","guid":{"rendered":"https:\/\/www.iccspain.org\/?post_type=product&#038;p=1388"},"modified":"2025-01-31T11:44:34","modified_gmt":"2025-01-31T11:44:34","slug":"reglas-uniformes-de-la-icc-para-las-garantias-a-primer-requerimiento-2010-publicacion-no-758espcat-isbn-978-84-89924-42-0","status":"publish","type":"product","link":"https:\/\/www.iccspain.org\/en\/producto\/reglas-uniformes-de-la-icc-para-las-garantias-a-primer-requerimiento-2010-publicacion-no-758espcat-isbn-978-84-89924-42-0\/","title":{"rendered":"Reglas Uniformes de la ICC para las Garant\u00edas a Primer Requerimiento (2010) Pub.758ES"},"content":{"rendered":"<p>Precio: 25\u20ac (IVA incl.)<\/p>\n<p>Las URDG son un reflejo de las pr\u00e1cticas internacionales relativas a garant\u00edas a primer requerimiento y, al mismo tiempo, aportan un equilibrio razonable entre los intereses leg\u00edtimos del beneficiario, el ordenante y el garante. Incluye formularios.<\/p>\n<p>Tambi\u00e9n existe la publicaci\u00f3n \u00fanicamente en ingl\u00e9s Pub. 758E<\/p>\n<p>Tambi\u00e9n existe la publicaci\u00f3n \u00fanicamente en franc\u00e9s Pub. 758F<\/p>\n","protected":false},"excerpt":{"rendered":"<p>Las URDG son un reflejo de las pr\u00e1cticas internacionales relativas a garant\u00edas a primer requerimiento y, al mismo tiempo, aportan un equilibrio razonable entre los intereses leg\u00edtimos del beneficiario, el ordenante y el garante. Incluye formularios.<\/p>\n","protected":false},"featured_media":32407,"template":"","meta":{"_editorskit_title_hidden":false,"_editorskit_reading_time":0,"_editorskit_is_block_options_detached":false,"_editorskit_block_options_position":"{}","inline_featured_image":false},"product_brand":[],"product_cat":[34,133],"product_tag":[],"class_list":{"0":"post-1388","1":"product","2":"type-product","3":"status-publish","4":"has-post-thumbnail","6":"product_cat-banca","7":"product_cat-publicacion","8":"post","9":"with-featured-image","11":"first","12":"instock","13":"shipping-taxable","14":"purchasable","15":"product-type-simple"},"_links":{"self":[{"href":"https:\/\/www.iccspain.org\/en\/wp-json\/wp\/v2\/product\/1388","targetHints":{"allow":["GET"]}}],"collection":[{"href":"https:\/\/www.iccspain.org\/en\/wp-json\/wp\/v2\/product"}],"about":[{"href":"https:\/\/www.iccspain.org\/en\/wp-json\/wp\/v2\/types\/product"}],"wp:featuredmedia":[{"embeddable":true,"href":"https:\/\/www.iccspain.org\/en\/wp-json\/wp\/v2\/media\/32407"}],"wp:attachment":[{"href":"https:\/\/www.iccspain.org\/en\/wp-json\/wp\/v2\/media?parent=1388"}],"wp:term":[{"taxonomy":"product_brand","embeddable":true,"href":"https:\/\/www.iccspain.org\/en\/wp-json\/wp\/v2\/product_brand?post=1388"},{"taxonomy":"product_cat","embeddable":true,"href":"https:\/\/www.iccspain.org\/en\/wp-json\/wp\/v2\/product_cat?post=1388"},{"taxonomy":"product_tag","embeddable":true,"href":"https:\/\/www.iccspain.org\/en\/wp-json\/wp\/v2\/product_tag?post=1388"}],"curies":[{"name":"wp","href":"https:\/\/api.w.org\/{rel}","templated":true}]}}