{"id":1386,"date":"2015-06-30T11:26:07","date_gmt":"2015-06-30T11:26:07","guid":{"rendered":"https:\/\/www.iccspain.org\/?post_type=product&#038;p=1386"},"modified":"2025-01-31T11:45:50","modified_gmt":"2025-01-31T11:45:50","slug":"reglas-uniformes-relativas-al-forfaiting-urf800-incluye-acuerdos-modelos-2013-publicacion-no-800es-isbn-978-84-89924-52-9","status":"publish","type":"product","link":"https:\/\/www.iccspain.org\/en\/producto\/reglas-uniformes-relativas-al-forfaiting-urf800-incluye-acuerdos-modelos-2013-publicacion-no-800es-isbn-978-84-89924-52-9\/","title":{"rendered":"Reglas Uniformes relativas al Forfaiting (URF800) incluye Acuerdos Modelos (2013) Pub.800ES"},"content":{"rendered":"<p>Precio: 20,80\u20ac (IVA incl.)<\/p>\n<p>Se han desarrollado como un proyecto conjunto de la Comisi\u00f3n Bancaria de la C\u00e1mara de Comercio Internacional (ICC) y de la Asociaci\u00f3n Internacional de Forfaiting (IFA) y, en consecuencia, han tenido en consideraci\u00f3n las leg\u00edtimas expectativas de todos los sectores implicados. Para ayudar a los profesionales a aplicar las URF, se incluye un conjunto no vinculante de acuerdos modelo.<\/p>\n<p>Tambi\u00e9n existe la publicaci\u00f3n \u00fanicamente en ingl\u00e9s Pub. 800E<\/p>\n","protected":false},"excerpt":{"rendered":"<p>Se han desarrollado como un proyecto conjunto de la Comisi\u00f3n Bancaria de la C\u00e1mara de Comercio Internacional (ICC) y de la Asociaci\u00f3n Internacional de Forfaiting (IFA) y, en consecuencia, han tenido en consideraci\u00f3n las leg\u00edtimas expectativas de todos los sectores implicados. Para ayudar a los profesionales a aplicar las URF, se incluye un conjunto no vinculante de acuerdos modelo.<\/p>\n","protected":false},"featured_media":32410,"template":"","meta":{"_editorskit_title_hidden":false,"_editorskit_reading_time":0,"_editorskit_is_block_options_detached":false,"_editorskit_block_options_position":"{}","inline_featured_image":false},"product_brand":[],"product_cat":[34,133],"product_tag":[],"class_list":{"0":"post-1386","1":"product","2":"type-product","3":"status-publish","4":"has-post-thumbnail","6":"product_cat-banca","7":"product_cat-publicacion","8":"post","9":"with-featured-image","11":"first","12":"instock","13":"shipping-taxable","14":"purchasable","15":"product-type-simple"},"_links":{"self":[{"href":"https:\/\/www.iccspain.org\/en\/wp-json\/wp\/v2\/product\/1386","targetHints":{"allow":["GET"]}}],"collection":[{"href":"https:\/\/www.iccspain.org\/en\/wp-json\/wp\/v2\/product"}],"about":[{"href":"https:\/\/www.iccspain.org\/en\/wp-json\/wp\/v2\/types\/product"}],"wp:featuredmedia":[{"embeddable":true,"href":"https:\/\/www.iccspain.org\/en\/wp-json\/wp\/v2\/media\/32410"}],"wp:attachment":[{"href":"https:\/\/www.iccspain.org\/en\/wp-json\/wp\/v2\/media?parent=1386"}],"wp:term":[{"taxonomy":"product_brand","embeddable":true,"href":"https:\/\/www.iccspain.org\/en\/wp-json\/wp\/v2\/product_brand?post=1386"},{"taxonomy":"product_cat","embeddable":true,"href":"https:\/\/www.iccspain.org\/en\/wp-json\/wp\/v2\/product_cat?post=1386"},{"taxonomy":"product_tag","embeddable":true,"href":"https:\/\/www.iccspain.org\/en\/wp-json\/wp\/v2\/product_tag?post=1386"}],"curies":[{"name":"wp","href":"https:\/\/api.w.org\/{rel}","templated":true}]}}