{"id":12724,"date":"2023-07-31T10:07:33","date_gmt":"2023-07-31T10:07:33","guid":{"rendered":"https:\/\/www.iccspain.org\/?post_type=product&#038;p=12724"},"modified":"2025-04-14T10:23:04","modified_gmt":"2025-04-14T10:23:04","slug":"reglas-eurc-pub-825-en-espanol-publicacion-gratuita","status":"publish","type":"product","link":"https:\/\/www.iccspain.org\/en\/producto\/reglas-eurc-pub-825-en-espanol-publicacion-gratuita\/","title":{"rendered":"Reglas eURC versi\u00f3n 1.1 Pub. 825 ESPA\u00d1OL Publicaci\u00f3n gratuita"},"content":{"rendered":"<p><a href=\"https:\/\/www.iccspain.org\/wp-content\/uploads\/2023\/07\/825ESP_eURC_ES-FINAL-1.pdf\">825ESP_eURC_ES FINAL<\/a><\/p>\n<p><a href=\"https:\/\/www.iccspain.org\/wp-content\/uploads\/2023\/07\/825e_eurc_final-1.pdf\">825e_eurc_final<\/a><\/p>\n","protected":false},"excerpt":{"rendered":"<p>Reglas eURC versi\u00f3n 1.1 Pub. 825 ESPA\u00d1OL Publicaci\u00f3n gratuita<\/p>\n","protected":false},"featured_media":32331,"template":"","meta":{"_editorskit_title_hidden":false,"_editorskit_reading_time":0,"_editorskit_is_block_options_detached":false,"_editorskit_block_options_position":"{}","inline_featured_image":false},"product_brand":[],"product_cat":[135],"product_tag":[],"class_list":{"0":"post-12724","1":"product","2":"type-product","3":"status-publish","4":"has-post-thumbnail","6":"product_cat-publicacion-gratuita","7":"post","8":"with-featured-image","10":"first","11":"instock","12":"shipping-taxable","13":"product-type-simple"},"_links":{"self":[{"href":"https:\/\/www.iccspain.org\/en\/wp-json\/wp\/v2\/product\/12724","targetHints":{"allow":["GET"]}}],"collection":[{"href":"https:\/\/www.iccspain.org\/en\/wp-json\/wp\/v2\/product"}],"about":[{"href":"https:\/\/www.iccspain.org\/en\/wp-json\/wp\/v2\/types\/product"}],"wp:featuredmedia":[{"embeddable":true,"href":"https:\/\/www.iccspain.org\/en\/wp-json\/wp\/v2\/media\/32331"}],"wp:attachment":[{"href":"https:\/\/www.iccspain.org\/en\/wp-json\/wp\/v2\/media?parent=12724"}],"wp:term":[{"taxonomy":"product_brand","embeddable":true,"href":"https:\/\/www.iccspain.org\/en\/wp-json\/wp\/v2\/product_brand?post=12724"},{"taxonomy":"product_cat","embeddable":true,"href":"https:\/\/www.iccspain.org\/en\/wp-json\/wp\/v2\/product_cat?post=12724"},{"taxonomy":"product_tag","embeddable":true,"href":"https:\/\/www.iccspain.org\/en\/wp-json\/wp\/v2\/product_tag?post=12724"}],"curies":[{"name":"wp","href":"https:\/\/api.w.org\/{rel}","templated":true}]}}