{"id":12722,"date":"2023-07-31T10:05:08","date_gmt":"2023-07-31T10:05:08","guid":{"rendered":"https:\/\/www.iccspain.org\/?post_type=product&#038;p=12722"},"modified":"2025-01-30T12:12:36","modified_gmt":"2025-01-30T12:12:36","slug":"reglas-eucp-version-2-1-espanol-pub-823esp","status":"publish","type":"product","link":"https:\/\/www.iccspain.org\/en\/producto\/reglas-eucp-version-2-1-espanol-pub-823esp\/","title":{"rendered":"Reglas eUCP versi\u00f3n 2.1 ESPA\u00d1OL Pub. 823ESP Publicaci\u00f3n gratuita"},"content":{"rendered":"<p><a href=\"https:\/\/www.iccspain.org\/wp-content\/uploads\/2023\/07\/823ESP_eUCP_ESP-FINAL-1.pdf\">823ESP_eUCP_ESP FINAL<\/a><\/p>\n<p><a href=\"https:\/\/www.iccspain.org\/wp-content\/uploads\/2023\/07\/823e_eucp_final-1.pdf\">823e_eucp_final<\/a><\/p>\n","protected":false},"excerpt":{"rendered":"<p>Reglas eUCP versi\u00f3n 2.1 ESPA\u00d1OL Pub. 823ESP Publicaci\u00f3n gratuita<\/p>\n","protected":false},"featured_media":32334,"template":"","meta":{"_editorskit_title_hidden":false,"_editorskit_reading_time":0,"_editorskit_is_block_options_detached":false,"_editorskit_block_options_position":"{}","inline_featured_image":false},"product_brand":[],"product_cat":[135],"product_tag":[],"class_list":{"0":"post-12722","1":"product","2":"type-product","3":"status-publish","4":"has-post-thumbnail","6":"product_cat-publicacion-gratuita","7":"post","8":"with-featured-image","10":"first","11":"instock","12":"shipping-taxable","13":"product-type-simple"},"_links":{"self":[{"href":"https:\/\/www.iccspain.org\/en\/wp-json\/wp\/v2\/product\/12722","targetHints":{"allow":["GET"]}}],"collection":[{"href":"https:\/\/www.iccspain.org\/en\/wp-json\/wp\/v2\/product"}],"about":[{"href":"https:\/\/www.iccspain.org\/en\/wp-json\/wp\/v2\/types\/product"}],"wp:featuredmedia":[{"embeddable":true,"href":"https:\/\/www.iccspain.org\/en\/wp-json\/wp\/v2\/media\/32334"}],"wp:attachment":[{"href":"https:\/\/www.iccspain.org\/en\/wp-json\/wp\/v2\/media?parent=12722"}],"wp:term":[{"taxonomy":"product_brand","embeddable":true,"href":"https:\/\/www.iccspain.org\/en\/wp-json\/wp\/v2\/product_brand?post=12722"},{"taxonomy":"product_cat","embeddable":true,"href":"https:\/\/www.iccspain.org\/en\/wp-json\/wp\/v2\/product_cat?post=12722"},{"taxonomy":"product_tag","embeddable":true,"href":"https:\/\/www.iccspain.org\/en\/wp-json\/wp\/v2\/product_tag?post=12722"}],"curies":[{"name":"wp","href":"https:\/\/api.w.org\/{rel}","templated":true}]}}