{"id":10699,"date":"2022-07-22T08:22:57","date_gmt":"2022-07-22T08:22:57","guid":{"rendered":"https:\/\/www.iccspain.org\/?post_type=product&#038;p=10699"},"modified":"2025-01-30T12:14:03","modified_gmt":"2025-01-30T12:14:03","slug":"guia-icc-del-comercio-internacional-5a-ed-publicacion-790","status":"publish","type":"product","link":"https:\/\/www.iccspain.org\/en\/producto\/guia-icc-del-comercio-internacional-5a-ed-publicacion-790\/","title":{"rendered":"Gu\u00eda ICC del Comercio internacional 5\u00aa Ed. &#8211; Publicaci\u00f3n 790"},"content":{"rendered":"<p>PRECIO ESPECIAL<\/p>\n<p>La 5\u00aa edici\u00f3n de la Gu\u00eda ICC del Comercio Internacional ha sido revisada en profundidad e incluye la actualizaci\u00f3n de temas tan importantes como:<\/p>\n<p>&#8211; Contratos comerciales para la exportaci\u00f3n<\/p>\n<p>&#8211; Las Reglas de los Incoterms\u00ae 2010<\/p>\n<p>&#8211; La resoluci\u00f3n de conflictos y ADR<\/p>\n<p>&#8211; Las UCP 600<\/p>\n<p>&#8211; El transporte internacional<\/p>\n<p>&#8211; Los Modelos de ICC de Contratos Comerciales<\/p>\n<p>&#8211; E-Commerce<\/p>\n<p>-La propiedad intelectual<\/p>\n<p>El libro incluye una encarta con la actualizaci\u00f3n de las Reglas Incoterms 2020.<\/p>\n","protected":false},"excerpt":{"rendered":"<p>La 5\u00aa edici\u00f3n de la Gu\u00eda ICC del Comercio Internacional ha sido revisada en profundidad e incluye la actualizaci\u00f3n de temas tan importantes como:<\/p>\n<p>&#8211; Contratos comerciales para la exportaci\u00f3n<\/p>\n<p>&#8211; Las Reglas de los Incoterms\u00ae 2010<\/p>\n<p>&#8211; La resoluci\u00f3n de conflictos y ADR<\/p>\n<p>&#8211; Las UCP 600<\/p>\n<p>&#8211; El transporte internacional<\/p>\n<p>&#8211; Los Modelos de ICC de Contratos Comerciales<\/p>\n<p>&#8211; E-Commerce<\/p>\n<p>-La propiedad intelectual<\/p>\n<p>El libro incluye una encarta con la actualizaci\u00f3n de las Reglas Incoterms 2020.<\/p>\n","protected":false},"featured_media":32337,"template":"","meta":{"_editorskit_title_hidden":false,"_editorskit_reading_time":0,"_editorskit_is_block_options_detached":false,"_editorskit_block_options_position":"{}","inline_featured_image":false},"product_brand":[],"product_cat":[32,35,133],"product_tag":[],"class_list":{"0":"post-10699","1":"product","2":"type-product","3":"status-publish","4":"has-post-thumbnail","6":"product_cat-modelos-de-contratos","7":"product_cat-incoterms","8":"product_cat-publicacion","9":"post","10":"with-featured-image","12":"first","13":"instock","14":"featured","15":"shipping-taxable","16":"purchasable","17":"product-type-simple"},"_links":{"self":[{"href":"https:\/\/www.iccspain.org\/en\/wp-json\/wp\/v2\/product\/10699","targetHints":{"allow":["GET"]}}],"collection":[{"href":"https:\/\/www.iccspain.org\/en\/wp-json\/wp\/v2\/product"}],"about":[{"href":"https:\/\/www.iccspain.org\/en\/wp-json\/wp\/v2\/types\/product"}],"wp:featuredmedia":[{"embeddable":true,"href":"https:\/\/www.iccspain.org\/en\/wp-json\/wp\/v2\/media\/32337"}],"wp:attachment":[{"href":"https:\/\/www.iccspain.org\/en\/wp-json\/wp\/v2\/media?parent=10699"}],"wp:term":[{"taxonomy":"product_brand","embeddable":true,"href":"https:\/\/www.iccspain.org\/en\/wp-json\/wp\/v2\/product_brand?post=10699"},{"taxonomy":"product_cat","embeddable":true,"href":"https:\/\/www.iccspain.org\/en\/wp-json\/wp\/v2\/product_cat?post=10699"},{"taxonomy":"product_tag","embeddable":true,"href":"https:\/\/www.iccspain.org\/en\/wp-json\/wp\/v2\/product_tag?post=10699"}],"curies":[{"name":"wp","href":"https:\/\/api.w.org\/{rel}","templated":true}]}}